{"id":1903,"date":"2018-03-23T16:43:55","date_gmt":"2018-03-23T14:43:55","guid":{"rendered":"http:\/\/vsbda.md\/home"},"modified":"2021-03-29T10:45:38","modified_gmt":"2021-03-29T08:45:38","slug":"home","status":"publish","type":"page","link":"https:\/\/vsbda.md\/en","title":{"rendered":"Home"},"content":{"rendered":"<p><div class=\"fusion-fullwidth fullwidth-box fusion-parallax-fixed nonhundred-percent-fullwidth non-hundred-percent-height-scrolling fusion-equal-height-columns\"  style='background-color: #464451;background-image: url(\"http:\/\/vsbda.md\/wp-content\/uploads\/2018\/03\/trespa_012.jpg\");background-position: center center;background-repeat: no-repeat;padding-top:40px;padding-right:0px;padding-bottom:20px;padding-left:0px;-webkit-background-size:cover;-moz-background-size:cover;-o-background-size:cover;background-size:cover;background-attachment:fixed;'><div class=\"fusion-builder-row fusion-row \"><div  data-animationType=slideInLeft data-animationDuration=0.3 data-animationOffset=100% class=\"fusion-layout-column fusion_builder_column fusion_builder_column_1_3  fusion-one-third fusion-column-first fusion-blend-mode fusion-animated 1_3\"  style='margin-top:0px;margin-bottom:20px;width:33.33%;width:calc(33.33% - ( ( 4% + 4% ) * 0.3333 ) );margin-right: 4%;'>\n\t\t\t\t\t<div class=\"fusion-column-wrapper\" style=\"background-color:rgba(255,255,255,0.8);padding: 20px 20px 20px 20px;background-position:left top;background-repeat:no-repeat;-webkit-background-size:cover;-moz-background-size:cover;-o-background-size:cover;background-size:cover;\"   data-bg-url=\"\">\n\t\t\t\t\t\t<span class=\"fusion-imageframe imageframe-none imageframe-1 hover-type-none\"><img loading=\"lazy\" src=\"http:\/\/vsbda.md\/wp-content\/uploads\/2018\/03\/swisspearl_logo.png\" width=\"\" height=\"\" alt=\"\" title=\"Swisspearl\" class=\"img-responsive wp-image-773\" srcset=\"https:\/\/vsbda.md\/wp-content\/uploads\/2018\/03\/swisspearl_logo-200x200.png 200w, https:\/\/vsbda.md\/wp-content\/uploads\/2018\/03\/swisspearl_logo.png 275w\" sizes=\"(max-width: 800px) 100vw, 275px\" \/><\/span><div class=\"fusion-text\"><h5><strong>SWISSPEARL<\/strong>\u00ae &#8211; foi compozite mari de <strong>FIBROCIMENT<\/strong>, realizate din materii prime regenerabile, cu finisaj acrilic transparent sau pigmentat, instalate ca un sistem ventilat.<\/h5>\n<\/div><div class=\"fusion-button-wrapper fusion-aligncenter\"><style type=\"text\/css\" scoped=\"scoped\">.fusion-button.button-1 .fusion-button-text, .fusion-button.button-1 i {color:#ffffff;}.fusion-button.button-1 {border-width:0px;border-color:#ffffff;}.fusion-button.button-1 .fusion-button-icon-divider{border-color:#ffffff;}.fusion-button.button-1:hover .fusion-button-text, .fusion-button.button-1:hover i,.fusion-button.button-1:focus .fusion-button-text, .fusion-button.button-1:focus i,.fusion-button.button-1:active .fusion-button-text, .fusion-button.button-1:active{color:#ffffff;}.fusion-button.button-1:hover, .fusion-button.button-1:focus, .fusion-button.button-1:active{border-width:0px;border-color:#ffffff;}.fusion-button.button-1:hover .fusion-button-icon-divider, .fusion-button.button-1:hover .fusion-button-icon-divider, .fusion-button.button-1:active .fusion-button-icon-divider{border-color:#ffffff;}.fusion-button.button-1{width:auto;}<\/style><a class=\"fusion-button button-flat fusion-button-round button-large button-default button-1\" target=\"_self\" href=\"\/?page_id=11\"><span class=\"fusion-button-text\">Mai mult<\/span><\/a><\/div><div class=\"fusion-clearfix\"><\/div>\n\n\t\t\t\t\t<\/div>\n\t\t\t\t<\/div><div  data-animationType=slideInLeft data-animationDuration=0.3 data-animationOffset=100% class=\"fusion-layout-column fusion_builder_column fusion_builder_column_1_3  fusion-one-third fusion-blend-mode fusion-animated 1_3\"  style='margin-top:0px;margin-bottom:20px;width:33.33%;width:calc(33.33% - ( ( 4% + 4% ) * 0.3333 ) );margin-right: 4%;'>\n\t\t\t\t\t<div class=\"fusion-column-wrapper\" style=\"background-color:rgba(255,255,255,0.8);padding: 20px 20px 20px 20px;background-position:left top;background-repeat:no-repeat;-webkit-background-size:cover;-moz-background-size:cover;-o-background-size:cover;background-size:cover;\"   data-bg-url=\"\">\n\t\t\t\t\t\t<span class=\"fusion-imageframe imageframe-none imageframe-2 hover-type-none\"><img loading=\"lazy\" src=\"http:\/\/vsbda.md\/wp-content\/uploads\/2018\/03\/parklex_logo.png\" width=\"\" height=\"\" alt=\"\" title=\"Parklex\" class=\"img-responsive wp-image-771\" srcset=\"https:\/\/vsbda.md\/wp-content\/uploads\/2018\/03\/parklex_logo-200x200.png 200w, https:\/\/vsbda.md\/wp-content\/uploads\/2018\/03\/parklex_logo.png 275w\" sizes=\"(max-width: 800px) 100vw, 275px\" \/><\/span><div class=\"fusion-text\"><h5><strong>PARKLEX\u00ae<\/strong> &#8211;\u00a0 panouri stratificate din <strong>LEMN<\/strong> de \u00eenalt\u0103 densitate din h\u00e2rtie Kraft tratate cu r\u0103\u015fini termorezistente, sub \u00eenalt\u0103 presiune \u015fi temperautr\u0103, finisate cu un furnir din <strong>LEMN NATURAL<\/strong>, extrem de rezistente la radia\u0163ii ultraviolete \u015fi agen\u0163i atmosferici.<\/h5>\n<\/div><div class=\"fusion-button-wrapper fusion-aligncenter\"><style type=\"text\/css\" scoped=\"scoped\">.fusion-button.button-2 .fusion-button-text, .fusion-button.button-2 i {color:#ffffff;}.fusion-button.button-2 {border-width:0px;border-color:#ffffff;}.fusion-button.button-2 .fusion-button-icon-divider{border-color:#ffffff;}.fusion-button.button-2:hover .fusion-button-text, .fusion-button.button-2:hover i,.fusion-button.button-2:focus .fusion-button-text, .fusion-button.button-2:focus i,.fusion-button.button-2:active .fusion-button-text, .fusion-button.button-2:active{color:#ffffff;}.fusion-button.button-2:hover, .fusion-button.button-2:focus, .fusion-button.button-2:active{border-width:0px;border-color:#ffffff;}.fusion-button.button-2:hover .fusion-button-icon-divider, .fusion-button.button-2:hover .fusion-button-icon-divider, .fusion-button.button-2:active .fusion-button-icon-divider{border-color:#ffffff;}.fusion-button.button-2{width:auto;}<\/style><a class=\"fusion-button button-flat fusion-button-round button-large button-default button-2\" target=\"_self\" href=\"\/?page_id=10\"><span class=\"fusion-button-text\">Mai mult<\/span><\/a><\/div><div class=\"fusion-clearfix\"><\/div>\n\n\t\t\t\t\t<\/div>\n\t\t\t\t<\/div><div  data-animationType=slideInRight data-animationDuration=0.3 data-animationOffset=100% class=\"fusion-layout-column fusion_builder_column fusion_builder_column_1_3  fusion-one-third fusion-column-last fusion-blend-mode fusion-animated 1_3\"  style='margin-top:0px;margin-bottom:20px;width:33.33%;width:calc(33.33% - ( ( 4% + 4% ) * 0.3333 ) );'>\n\t\t\t\t\t<div class=\"fusion-column-wrapper\" style=\"background-color:rgba(255,255,255,0.8);padding: 20px 20px 20px 20px;background-position:left top;background-repeat:no-repeat;-webkit-background-size:cover;-moz-background-size:cover;-o-background-size:cover;background-size:cover;\"   data-bg-url=\"\">\n\t\t\t\t\t\t<span class=\"fusion-imageframe imageframe-none imageframe-3 hover-type-none\"><img loading=\"lazy\" src=\"http:\/\/vsbda.md\/wp-content\/uploads\/2018\/03\/geopietra_logo.png\" width=\"\" height=\"\" alt=\"\" title=\"Geopietra\" class=\"img-responsive wp-image-769\" srcset=\"https:\/\/vsbda.md\/wp-content\/uploads\/2018\/03\/geopietra_logo-200x200.png 200w, https:\/\/vsbda.md\/wp-content\/uploads\/2018\/03\/geopietra_logo.png 275w\" sizes=\"(max-width: 800px) 100vw, 275px\" \/><\/span><div class=\"fusion-text\"><h5><strong>GEOPIETRA<\/strong>\u00ae\u2013 finisaje din <strong>PIATR\u0102<\/strong> prefabricat\u0103 cu aspect autentic, inspirate din nenum\u0103rate peisaje naturale.<\/h5>\n<\/div><div class=\"fusion-button-wrapper fusion-aligncenter\"><style type=\"text\/css\" scoped=\"scoped\">.fusion-button.button-3 .fusion-button-text, .fusion-button.button-3 i {color:#ffffff;}.fusion-button.button-3 {border-width:0px;border-color:#ffffff;}.fusion-button.button-3 .fusion-button-icon-divider{border-color:#ffffff;}.fusion-button.button-3:hover .fusion-button-text, .fusion-button.button-3:hover i,.fusion-button.button-3:focus .fusion-button-text, .fusion-button.button-3:focus i,.fusion-button.button-3:active .fusion-button-text, .fusion-button.button-3:active{color:#ffffff;}.fusion-button.button-3:hover, .fusion-button.button-3:focus, .fusion-button.button-3:active{border-width:0px;border-color:#ffffff;}.fusion-button.button-3:hover .fusion-button-icon-divider, .fusion-button.button-3:hover .fusion-button-icon-divider, .fusion-button.button-3:active .fusion-button-icon-divider{border-color:#ffffff;}.fusion-button.button-3{width:auto;}<\/style><a class=\"fusion-button button-flat fusion-button-round button-large button-default button-3\" target=\"_self\" title=\"Geopietra\" href=\"\/?page_id=9\"><span class=\"fusion-button-text\">Mai mult<\/span><\/a><\/div><div class=\"fusion-clearfix\"><\/div>\n\n\t\t\t\t\t<\/div>\n\t\t\t\t<\/div><\/div><\/div><div class=\"fusion-fullwidth fullwidth-box fusion-parallax-fixed hundred-percent-fullwidth non-hundred-percent-height-scrolling\"  style='background-color: rgba(255,255,255,0);background-image: url(\"http:\/\/vsbda.md\/wp-content\/uploads\/2018\/03\/parklex_008.jpg\");background-position: center center;background-repeat: no-repeat;padding-top:80px;padding-right:0px;padding-bottom:50px;padding-left:0px;-webkit-background-size:cover;-moz-background-size:cover;-o-background-size:cover;background-size:cover;background-attachment:fixed;'><div class=\"fusion-builder-row fusion-row \"><div  class=\"fusion-layout-column fusion_builder_column fusion_builder_column_1_2  fusion-one-half fusion-column-first 1_2\"  style='margin-top:0px;margin-bottom:20px;width:50%;width:calc(50% - ( ( 4% ) * 0.5 ) );margin-right: 4%;'>\n\t\t\t\t\t<div class=\"fusion-column-wrapper\" style=\"padding: 20px 40px 20px 40px;background-position:left top;background-repeat:no-repeat;-webkit-background-size:cover;-moz-background-size:cover;-o-background-size:cover;background-size:cover;\"   data-bg-url=\"\">\n\t\t\t\t\t\t<div class=\"fusion-clearfix\"><\/div>\n\n\t\t\t\t\t<\/div>\n\t\t\t\t<\/div><div  class=\"fusion-layout-column fusion_builder_column fusion_builder_column_1_2  fusion-one-half fusion-column-last fusion-blend-mode 1_2\"  style='margin-top:0px;margin-bottom:20px;width:50%;width:calc(50% - ( ( 4% ) * 0.5 ) );'>\n\t\t\t\t\t<div class=\"fusion-column-wrapper\" style=\"background-color:rgba(70,68,81,0.8);padding: 20px 40px 20px 40px;background-position:left top;background-repeat:no-repeat;-webkit-background-size:cover;-moz-background-size:cover;-o-background-size:cover;background-size:cover;\"   data-bg-url=\"\">\n\t\t\t\t\t\t<div class=\"fusion-text\"><h4><strong>VSBDA<\/strong> v\u0103 propune inova\u021bie, calitate \u0219i un design original.<\/h4>\n<h4>Suntem distibuitori oficiali \u00een Republica Moldova a companiilor cu renume interna\u021bional. V\u0103 propunem solu\u021bii pentru sistemele de fa\u021bade ventilate \u2013 o solu\u0163ie perfect\u0103 pentru cei ce caut\u0103 o abordare modern\u0103, ca alternativ\u0103 a materialelor uzate din ziua de azi. Panourile compozite, \u00eentr-o gam\u0103 larg\u0103 de culori \u0219i texturi, pun \u00een eviden\u021b\u0103 arhitectura cl\u0103dirii.<\/h4>\n<h4>Livr\u0103rile noastre sunt \u00eenso\u021bite de un suport tehnic adecvat dupa caz, prescrip\u021bii tehnice, planuri de montaj, proiecte tehnologice, asisten\u021b\u0103 tehnic\u0103, etc. Elabor\u0103m solu\u021biile de fixare a plac\u0103rii pentru a r\u0103spunde cerin\u021belor arhitec\u021bilor \u0219i beneficiarilor, colabor\u0103m cu firmele de montaj pe \u00eentreaga durat\u0103 a execu\u021biei.<\/h4>\n<\/div><div class=\"fusion-clearfix\"><\/div>\n\n\t\t\t\t\t<\/div>\n\t\t\t\t<\/div><\/div><\/div><\/p>\n","protected":false},"excerpt":{"rendered":"","protected":false},"author":1,"featured_media":0,"parent":0,"menu_order":0,"comment_status":"closed","ping_status":"closed","template":"100-width.php","meta":[],"_links":{"self":[{"href":"https:\/\/vsbda.md\/en\/wp-json\/wp\/v2\/pages\/1903"}],"collection":[{"href":"https:\/\/vsbda.md\/en\/wp-json\/wp\/v2\/pages"}],"about":[{"href":"https:\/\/vsbda.md\/en\/wp-json\/wp\/v2\/types\/page"}],"author":[{"embeddable":true,"href":"https:\/\/vsbda.md\/en\/wp-json\/wp\/v2\/users\/1"}],"replies":[{"embeddable":true,"href":"https:\/\/vsbda.md\/en\/wp-json\/wp\/v2\/comments?post=1903"}],"version-history":[{"count":0,"href":"https:\/\/vsbda.md\/en\/wp-json\/wp\/v2\/pages\/1903\/revisions"}],"wp:attachment":[{"href":"https:\/\/vsbda.md\/en\/wp-json\/wp\/v2\/media?parent=1903"}],"curies":[{"name":"wp","href":"https:\/\/api.w.org\/{rel}","templated":true}]}}