{"id":1959,"date":"2018-03-26T08:49:08","date_gmt":"2018-03-26T06:49:08","guid":{"rendered":"http:\/\/vsbda.md\/geopietra"},"modified":"2019-03-19T11:56:26","modified_gmt":"2019-03-19T09:56:26","slug":"geopietra","status":"publish","type":"page","link":"https:\/\/vsbda.md\/en\/geopietra","title":{"rendered":"GEOPIETRA"},"content":{"rendered":"<div class=\"fusion-fullwidth fullwidth-box fusion-parallax-none nonhundred-percent-fullwidth non-hundred-percent-height-scrolling\"  style='background-color: rgba(255,255,255,0);background-image: url(\"http:\/\/vsbda.md\/wp-content\/uploads\/2018\/03\/slider_geopietra.jpg\");background-position: center center;background-repeat: no-repeat;padding-top:0px;padding-right:0px;padding-bottom:0px;padding-left:0px;-webkit-background-size:cover;-moz-background-size:cover;-o-background-size:cover;background-size:cover;'><div class=\"fusion-builder-row fusion-row \"><div  class=\"fusion-layout-column fusion_builder_column fusion_builder_column_1_1  fusion-one-full fusion-column-first fusion-column-last fusion-blend-mode 1_1\"  style='margin-top:40px;margin-bottom:40px;'>\n\t\t\t\t\t<div class=\"fusion-column-wrapper\" style=\"background-color:rgba(255,255,255,0.8);padding: 10px 40px 20px 40px;background-position:left top;background-repeat:no-repeat;-webkit-background-size:cover;-moz-background-size:cover;-o-background-size:cover;background-size:cover;\"   data-bg-url=\"\">\n\t\t\t\t\t\t<div class=\"fusion-text\"><h5><strong>GEOPIETRA<\/strong>\u00ae\u2013 finisaje din piatr\u0103 prefabricat\u0103 cu aspect autentic, inspirate din nenum\u0103rate peisaje naturale.<\/h5>\n<h5>Corporate philosophy<\/h5>\n<h5>Geopietra is a creative, dynamic enterprise, founded on solid principles, for which dedication to work is the basis for the construction of tomorrow.<\/h5>\n<h5>Geopietra loves the earth, the strength and beauty of its colours, the myriad of natural landscapes from which it draws inspiration and the vitality that characterizes Murogeopietra.<br \/>\nMurogeopietra embodies the memory of the past and the passage of time; it welcomes the innovation of today and introduces future potentials.<\/h5>\n<h5>The dry walls that express the reality and the deep sense of the land, or the more docilely moulded soft-looking walls where stone and mortar create the perfect harmony.<\/h5>\n<h5>Geopietra looks to the future with new eyes, certain that the change we want to see in the world to come starts with our action today.<\/h5>\n<\/div><div class=\"fusion-builder-row fusion-builder-row-inner fusion-row \"><div  class=\"fusion-layout-column fusion_builder_column fusion_builder_column_1_4  fusion-one-fourth fusion-column-first 1_4\"  style='margin-top: 0px;margin-bottom: 20px;width:25%;width:calc(25% - ( ( 4% + 4% + 4% ) * 0.25 ) );margin-right:4%;'><div class=\"fusion-column-wrapper\" style=\"padding: 0px 0px 0px 0px;background-position:left top;background-repeat:no-repeat;-webkit-background-size:cover;-moz-background-size:cover;-o-background-size:cover;background-size:cover;\"  data-bg-url=\"\"><div class=\"fusion-button-wrapper fusion-aligncenter\"><style type=\"text\/css\" scoped=\"scoped\">.fusion-button.button-1 .fusion-button-text, .fusion-button.button-1 i {color:#ffffff;}.fusion-button.button-1 {border-width:0px;border-color:#ffffff;}.fusion-button.button-1 .fusion-button-icon-divider{border-color:#ffffff;}.fusion-button.button-1:hover .fusion-button-text, .fusion-button.button-1:hover i,.fusion-button.button-1:focus .fusion-button-text, .fusion-button.button-1:focus i,.fusion-button.button-1:active .fusion-button-text, .fusion-button.button-1:active{color:#ffffff;}.fusion-button.button-1:hover, .fusion-button.button-1:focus, .fusion-button.button-1:active{border-width:0px;border-color:#ffffff;}.fusion-button.button-1:hover .fusion-button-icon-divider, .fusion-button.button-1:hover .fusion-button-icon-divider, .fusion-button.button-1:active .fusion-button-icon-divider{border-color:#ffffff;}.fusion-button.button-1{width:auto;}<\/style><a class=\"fusion-button button-flat fusion-button-round button-large button-default button-1\" target=\"_self\" href=\"https:\/\/vsbda.md\/en\/geopietra\/produse\"><span class=\"fusion-button-text\">Products<\/span><\/a><\/div><\/div><\/div><div  class=\"fusion-layout-column fusion_builder_column fusion_builder_column_1_4  fusion-one-fourth 1_4\"  style='margin-top: 0px;margin-bottom: 20px;width:25%;width:calc(25% - ( ( 4% + 4% + 4% ) * 0.25 ) );margin-right:4%;'><div class=\"fusion-column-wrapper\" style=\"padding: 0px 0px 0px 0px;background-position:left top;background-repeat:no-repeat;-webkit-background-size:cover;-moz-background-size:cover;-o-background-size:cover;background-size:cover;\"  data-bg-url=\"\"><div class=\"fusion-button-wrapper fusion-aligncenter\"><style type=\"text\/css\" scoped=\"scoped\">.fusion-button.button-2 .fusion-button-text, .fusion-button.button-2 i {color:#ffffff;}.fusion-button.button-2 {border-width:0px;border-color:#ffffff;}.fusion-button.button-2 .fusion-button-icon-divider{border-color:#ffffff;}.fusion-button.button-2:hover .fusion-button-text, .fusion-button.button-2:hover i,.fusion-button.button-2:focus .fusion-button-text, .fusion-button.button-2:focus i,.fusion-button.button-2:active .fusion-button-text, .fusion-button.button-2:active{color:#ffffff;}.fusion-button.button-2:hover, .fusion-button.button-2:focus, .fusion-button.button-2:active{border-width:0px;border-color:#ffffff;}.fusion-button.button-2:hover .fusion-button-icon-divider, .fusion-button.button-2:hover .fusion-button-icon-divider, .fusion-button.button-2:active .fusion-button-icon-divider{border-color:#ffffff;}.fusion-button.button-2{width:auto;}<\/style><a class=\"fusion-button button-flat fusion-button-round button-large button-default button-2\" target=\"_self\" href=\"https:\/\/vsbda.md\/en\/geopietra\/galerie\"><span class=\"fusion-button-text\">Gallery<\/span><\/a><\/div><\/div><\/div><div  class=\"fusion-layout-column fusion_builder_column fusion_builder_column_1_4  fusion-one-fourth 1_4\"  style='margin-top: 0px;margin-bottom: 20px;width:25%;width:calc(25% - ( ( 4% + 4% + 4% ) * 0.25 ) );margin-right:4%;'><div class=\"fusion-column-wrapper\" style=\"padding: 0px 0px 0px 0px;background-position:left top;background-repeat:no-repeat;-webkit-background-size:cover;-moz-background-size:cover;-o-background-size:cover;background-size:cover;\"  data-bg-url=\"\"><div class=\"fusion-button-wrapper fusion-aligncenter\"><style type=\"text\/css\" scoped=\"scoped\">.fusion-button.button-3 .fusion-button-text, .fusion-button.button-3 i {color:#ffffff;}.fusion-button.button-3 {border-width:0px;border-color:#ffffff;}.fusion-button.button-3 .fusion-button-icon-divider{border-color:#ffffff;}.fusion-button.button-3:hover .fusion-button-text, .fusion-button.button-3:hover i,.fusion-button.button-3:focus .fusion-button-text, .fusion-button.button-3:focus i,.fusion-button.button-3:active .fusion-button-text, .fusion-button.button-3:active{color:#ffffff;}.fusion-button.button-3:hover, .fusion-button.button-3:focus, .fusion-button.button-3:active{border-width:0px;border-color:#ffffff;}.fusion-button.button-3:hover .fusion-button-icon-divider, .fusion-button.button-3:hover .fusion-button-icon-divider, .fusion-button.button-3:active .fusion-button-icon-divider{border-color:#ffffff;}.fusion-button.button-3{width:auto;}<\/style><a class=\"fusion-button button-flat fusion-button-round button-large button-default button-3\" target=\"_blank\" rel=\"noopener noreferrer\" href=\"http:\/\/vsbda.md\/wp-content\/uploads\/2019\/03\/geopietra-price-2016.pdf\"><span class=\"fusion-button-text\">Price<\/span><\/a><\/div><\/div><\/div><div  class=\"fusion-layout-column fusion_builder_column fusion_builder_column_1_4  fusion-one-fourth fusion-column-last 1_4\"  style='margin-top: 0px;margin-bottom: 20px;width:25%;width:calc(25% - ( ( 4% + 4% + 4% ) * 0.25 ) );'><div class=\"fusion-column-wrapper\" style=\"padding: 0px 0px 0px 0px;background-position:left top;background-repeat:no-repeat;-webkit-background-size:cover;-moz-background-size:cover;-o-background-size:cover;background-size:cover;\"  data-bg-url=\"\"><div class=\"fusion-button-wrapper fusion-aligncenter\"><style type=\"text\/css\" scoped=\"scoped\">.fusion-button.button-4 .fusion-button-text, .fusion-button.button-4 i {color:#ffffff;}.fusion-button.button-4 {border-width:0px;border-color:#ffffff;}.fusion-button.button-4 .fusion-button-icon-divider{border-color:#ffffff;}.fusion-button.button-4:hover .fusion-button-text, .fusion-button.button-4:hover i,.fusion-button.button-4:focus .fusion-button-text, .fusion-button.button-4:focus i,.fusion-button.button-4:active .fusion-button-text, .fusion-button.button-4:active{color:#ffffff;}.fusion-button.button-4:hover, .fusion-button.button-4:focus, .fusion-button.button-4:active{border-width:0px;border-color:#ffffff;}.fusion-button.button-4:hover .fusion-button-icon-divider, .fusion-button.button-4:hover .fusion-button-icon-divider, .fusion-button.button-4:active .fusion-button-icon-divider{border-color:#ffffff;}.fusion-button.button-4{width:auto;}<\/style><a class=\"fusion-button button-flat fusion-button-round button-large button-default button-4\" target=\"_blank\" rel=\"noopener noreferrer\" href=\"http:\/\/vsbda.md\/wp-content\/uploads\/2019\/03\/geopietra-spacco-price-2017.pdf\"><span class=\"fusion-button-text\">Price SPACCO<\/span><\/a><\/div><\/div><\/div><\/div><div class=\"fusion-clearfix\"><\/div>\n\n\t\t\t\t\t<\/div>\n\t\t\t\t<\/div><\/div><\/div>\n","protected":false},"excerpt":{"rendered":"","protected":false},"author":1,"featured_media":0,"parent":0,"menu_order":0,"comment_status":"closed","ping_status":"closed","template":"100-width.php","meta":[],"_links":{"self":[{"href":"https:\/\/vsbda.md\/en\/wp-json\/wp\/v2\/pages\/1959"}],"collection":[{"href":"https:\/\/vsbda.md\/en\/wp-json\/wp\/v2\/pages"}],"about":[{"href":"https:\/\/vsbda.md\/en\/wp-json\/wp\/v2\/types\/page"}],"author":[{"embeddable":true,"href":"https:\/\/vsbda.md\/en\/wp-json\/wp\/v2\/users\/1"}],"replies":[{"embeddable":true,"href":"https:\/\/vsbda.md\/en\/wp-json\/wp\/v2\/comments?post=1959"}],"version-history":[{"count":1,"href":"https:\/\/vsbda.md\/en\/wp-json\/wp\/v2\/pages\/1959\/revisions"}],"predecessor-version":[{"id":2038,"href":"https:\/\/vsbda.md\/en\/wp-json\/wp\/v2\/pages\/1959\/revisions\/2038"}],"wp:attachment":[{"href":"https:\/\/vsbda.md\/en\/wp-json\/wp\/v2\/media?parent=1959"}],"curies":[{"name":"wp","href":"https:\/\/api.w.org\/{rel}","templated":true}]}}