{"id":1984,"date":"2018-03-26T08:49:38","date_gmt":"2018-03-26T06:49:38","guid":{"rendered":"http:\/\/vsbda.md\/parklex"},"modified":"2018-05-15T10:55:19","modified_gmt":"2018-05-15T08:55:19","slug":"parklex","status":"publish","type":"page","link":"https:\/\/vsbda.md\/en\/parklex","title":{"rendered":"PARKLEX"},"content":{"rendered":"<div class=\"fusion-fullwidth fullwidth-box fusion-parallax-none nonhundred-percent-fullwidth non-hundred-percent-height-scrolling\"  style='background-color: rgba(255,255,255,0);background-image: url(\"http:\/\/vsbda.md\/wp-content\/uploads\/2018\/03\/slider_parklex.jpg\");background-position: center center;background-repeat: no-repeat;padding-top:0px;padding-right:0px;padding-bottom:0px;padding-left:0px;-webkit-background-size:cover;-moz-background-size:cover;-o-background-size:cover;background-size:cover;'><div class=\"fusion-builder-row fusion-row \"><div  class=\"fusion-layout-column fusion_builder_column fusion_builder_column_1_1  fusion-one-full fusion-column-first fusion-column-last fusion-blend-mode 1_1\"  style='margin-top:40px;margin-bottom:40px;'>\n\t\t\t\t\t<div class=\"fusion-column-wrapper\" style=\"background-color:rgba(255,255,255,0.8);padding: 10px 40px 20px 40px;background-position:left top;background-repeat:no-repeat;-webkit-background-size:cover;-moz-background-size:cover;-o-background-size:cover;background-size:cover;\"   data-bg-url=\"\">\n\t\t\t\t\t\t<div class=\"fusion-text\"><h5><strong>PARKLEX<\/strong>\u00ae &#8211; panouri stratificate din lemn de \u00eenalt\u0103 densitate din h\u00e2rtie Kraft tratate cu r\u0103\u015fini termorezistente, sub \u00eenalt\u0103 presiune \u015fi temperautr\u0103, finisate cu un furnir din lemn natural, extrem de rezistente la radia\u0163ii ultraviolete \u015fi agen\u0163i atmosferici.<\/h5>\n<h5>O cunoa\u0219tere aprofundat\u0103 a activit\u0103\u021bii noastre de la \u00eenfiin\u021barea sa &#8211; lemnul &#8211; \u0219i un angajament activ fa\u021b\u0103 de interesele \u0219i aspira\u021biile profesioni\u0219tilor din domeniul designului \u0219i construc\u021biilor. Acestea sunt cele dou\u0103 valori esen\u021biale care sus\u021bin experien\u021ba de peste 40 de ani \u0219i continu\u0103 s\u0103 conduc\u0103 decisiv activitatea Parklex.<\/h5>\n<h5>O metod\u0103 de produc\u021bie durabil\u0103 \u0219i inovatoare, care vizeaz\u0103 cerin\u021bele \u00een continu\u0103 schimbare, este dezvoltat\u0103 acolo unde se \u00eent\u00e2lnesc lemnul natural \u0219i aplica\u021biile sale arhitecturale. Rezultatul acestui proces sunt seturi de plac\u0103ri interioare \u0219i exterioare care nu necesit\u0103 \u00eentre\u021binere. Caracteristicile lor remarcabile sunt calitatea materialului, instalarea simpl\u0103 \u0219i rezisten\u021ba la umezeal\u0103 \u0219i utilizare intensiv\u0103.<\/h5>\n<h5>Produsele Parklex cuprind solu\u021bii pentru diferite aplica\u021bii \u0219i tipologii arhitecturale. Pe fa\u021bade ventilate, podele cu trafic intens, pere\u021bi \u0219i tavane, spa\u021bii acustice sau podele pentru terase \u0219i piscine. \u00cen centre culturale, aeroporturi, sedii ale institu\u021biilor, cl\u0103diri de birouri \u0219i case particulare. \u00cen Muzeul Guggenheim al lui Frank Gehry, Bilbao, hotelul W Barcelona din Ricardo Bofill, apartamentele Jean Nouvel de la Hotelul Silken Puerta Am\u00e9rica de Madrid \u0219i fa\u021bada \u0219i interiorul hotelului Christian de Portzamparc de la Rh\u00f4ne-Alpes.<\/h5>\n<\/div><div class=\"fusion-builder-row fusion-builder-row-inner fusion-row \"><div  class=\"fusion-layout-column fusion_builder_column fusion_builder_column_1_3  fusion-one-third fusion-column-first 1_3\"  style='margin-top: 0px;margin-bottom: 20px;width:33.33%;width:calc(33.33% - ( ( 4% + 4% ) * 0.3333 ) );margin-right:4%;'><div class=\"fusion-column-wrapper\" style=\"padding: 0px 0px 0px 0px;background-position:left top;background-repeat:no-repeat;-webkit-background-size:cover;-moz-background-size:cover;-o-background-size:cover;background-size:cover;\"  data-bg-url=\"\"><div class=\"fusion-button-wrapper fusion-aligncenter\"><style type=\"text\/css\" scoped=\"scoped\">.fusion-button.button-1 .fusion-button-text, .fusion-button.button-1 i {color:#ffffff;}.fusion-button.button-1 {border-width:0px;border-color:#ffffff;}.fusion-button.button-1 .fusion-button-icon-divider{border-color:#ffffff;}.fusion-button.button-1:hover .fusion-button-text, .fusion-button.button-1:hover i,.fusion-button.button-1:focus .fusion-button-text, .fusion-button.button-1:focus i,.fusion-button.button-1:active .fusion-button-text, .fusion-button.button-1:active{color:#ffffff;}.fusion-button.button-1:hover, .fusion-button.button-1:focus, .fusion-button.button-1:active{border-width:0px;border-color:#ffffff;}.fusion-button.button-1:hover .fusion-button-icon-divider, .fusion-button.button-1:hover .fusion-button-icon-divider, .fusion-button.button-1:active .fusion-button-icon-divider{border-color:#ffffff;}.fusion-button.button-1{width:auto;}<\/style><a class=\"fusion-button button-flat fusion-button-round button-large button-default button-1\" target=\"_self\" href=\"http:\/\/vsbda.md\/parklex\/produse\"><span class=\"fusion-button-text\">Produse<\/span><\/a><\/div><\/div><\/div><div  class=\"fusion-layout-column fusion_builder_column fusion_builder_column_1_3  fusion-one-third 1_3\"  style='margin-top: 0px;margin-bottom: 20px;width:33.33%;width:calc(33.33% - ( ( 4% + 4% ) * 0.3333 ) );margin-right:4%;'><div class=\"fusion-column-wrapper\" style=\"padding: 0px 0px 0px 0px;background-position:left top;background-repeat:no-repeat;-webkit-background-size:cover;-moz-background-size:cover;-o-background-size:cover;background-size:cover;\"  data-bg-url=\"\"><div class=\"fusion-button-wrapper fusion-aligncenter\"><style type=\"text\/css\" scoped=\"scoped\">.fusion-button.button-2 .fusion-button-text, .fusion-button.button-2 i {color:#ffffff;}.fusion-button.button-2 {border-width:0px;border-color:#ffffff;}.fusion-button.button-2 .fusion-button-icon-divider{border-color:#ffffff;}.fusion-button.button-2:hover .fusion-button-text, .fusion-button.button-2:hover i,.fusion-button.button-2:focus .fusion-button-text, .fusion-button.button-2:focus i,.fusion-button.button-2:active .fusion-button-text, .fusion-button.button-2:active{color:#ffffff;}.fusion-button.button-2:hover, .fusion-button.button-2:focus, .fusion-button.button-2:active{border-width:0px;border-color:#ffffff;}.fusion-button.button-2:hover .fusion-button-icon-divider, .fusion-button.button-2:hover .fusion-button-icon-divider, .fusion-button.button-2:active .fusion-button-icon-divider{border-color:#ffffff;}.fusion-button.button-2{width:auto;}<\/style><a class=\"fusion-button button-flat fusion-button-round button-large button-default button-2\" target=\"_self\" href=\"http:\/\/vsbda.md\/geopietra\/galerie\"><span class=\"fusion-button-text\">Galerie<\/span><\/a><\/div><\/div><\/div><div  class=\"fusion-layout-column fusion_builder_column fusion_builder_column_1_3  fusion-one-third fusion-column-last 1_3\"  style='margin-top: 0px;margin-bottom: 20px;width:33.33%;width:calc(33.33% - ( ( 4% + 4% ) * 0.3333 ) );'><div class=\"fusion-column-wrapper\" style=\"padding: 0px 0px 0px 0px;background-position:left top;background-repeat:no-repeat;-webkit-background-size:cover;-moz-background-size:cover;-o-background-size:cover;background-size:cover;\"  data-bg-url=\"\"><div class=\"fusion-button-wrapper fusion-aligncenter\"><style type=\"text\/css\" scoped=\"scoped\">.fusion-button.button-3 .fusion-button-text, .fusion-button.button-3 i {color:#ffffff;}.fusion-button.button-3 {border-width:0px;border-color:#ffffff;}.fusion-button.button-3 .fusion-button-icon-divider{border-color:#ffffff;}.fusion-button.button-3:hover .fusion-button-text, .fusion-button.button-3:hover i,.fusion-button.button-3:focus .fusion-button-text, .fusion-button.button-3:focus i,.fusion-button.button-3:active .fusion-button-text, .fusion-button.button-3:active{color:#ffffff;}.fusion-button.button-3:hover, .fusion-button.button-3:focus, .fusion-button.button-3:active{border-width:0px;border-color:#ffffff;}.fusion-button.button-3:hover .fusion-button-icon-divider, .fusion-button.button-3:hover .fusion-button-icon-divider, .fusion-button.button-3:active .fusion-button-icon-divider{border-color:#ffffff;}.fusion-button.button-3{width:auto;}<\/style><a class=\"fusion-button button-flat fusion-button-round button-large button-default button-3\" target=\"_self\" href=\"http:\/\/vsbda.md\/wp-content\/uploads\/2018\/05\/Parklex_Preturi.xlsx\"><span class=\"fusion-button-text\">PRE\u021aURI<\/span><\/a><\/div><\/div><\/div><\/div><div class=\"fusion-clearfix\"><\/div>\n\n\t\t\t\t\t<\/div>\n\t\t\t\t<\/div><\/div><\/div>\n","protected":false},"excerpt":{"rendered":"","protected":false},"author":1,"featured_media":0,"parent":0,"menu_order":0,"comment_status":"closed","ping_status":"closed","template":"100-width.php","meta":[],"_links":{"self":[{"href":"https:\/\/vsbda.md\/en\/wp-json\/wp\/v2\/pages\/1984"}],"collection":[{"href":"https:\/\/vsbda.md\/en\/wp-json\/wp\/v2\/pages"}],"about":[{"href":"https:\/\/vsbda.md\/en\/wp-json\/wp\/v2\/types\/page"}],"author":[{"embeddable":true,"href":"https:\/\/vsbda.md\/en\/wp-json\/wp\/v2\/users\/1"}],"replies":[{"embeddable":true,"href":"https:\/\/vsbda.md\/en\/wp-json\/wp\/v2\/comments?post=1984"}],"version-history":[{"count":0,"href":"https:\/\/vsbda.md\/en\/wp-json\/wp\/v2\/pages\/1984\/revisions"}],"wp:attachment":[{"href":"https:\/\/vsbda.md\/en\/wp-json\/wp\/v2\/media?parent=1984"}],"curies":[{"name":"wp","href":"https:\/\/api.w.org\/{rel}","templated":true}]}}