{"id":2002,"date":"2018-03-26T08:50:19","date_gmt":"2018-03-26T06:50:19","guid":{"rendered":"http:\/\/vsbda.md\/swisspearl"},"modified":"2020-12-09T13:35:11","modified_gmt":"2020-12-09T11:35:11","slug":"swisspearl","status":"publish","type":"page","link":"https:\/\/vsbda.md\/en\/swisspearl","title":{"rendered":"SWISSPEARL"},"content":{"rendered":"<div class=\"fusion-fullwidth fullwidth-box fusion-parallax-none nonhundred-percent-fullwidth non-hundred-percent-height-scrolling\"  style='background-color: rgba(255,255,255,0);background-image: url(\"http:\/\/vsbda.md\/wp-content\/uploads\/2018\/03\/slider_swisspearl.jpg\");background-position: center center;background-repeat: no-repeat;padding-top:0px;padding-right:0px;padding-bottom:0px;padding-left:0px;-webkit-background-size:cover;-moz-background-size:cover;-o-background-size:cover;background-size:cover;'><div class=\"fusion-builder-row fusion-row \"><div  class=\"fusion-layout-column fusion_builder_column fusion_builder_column_1_1  fusion-one-full fusion-column-first fusion-column-last fusion-blend-mode 1_1\"  style='margin-top:40px;margin-bottom:40px;'>\n\t\t\t\t\t<div class=\"fusion-column-wrapper\" style=\"background-color:rgba(255,255,255,0.8);padding: 10px 40px 20px 40px;background-position:left top;background-repeat:no-repeat;-webkit-background-size:cover;-moz-background-size:cover;-o-background-size:cover;background-size:cover;\"   data-bg-url=\"\">\n\t\t\t\t\t\t<div class=\"fusion-text\"><h5><strong>SWISSPEARL<\/strong>\u00ae &#8211; foi compozite mari de fibrocement, realizate din materii prime regenerabile, cu finisaj acrilic transparent sau pigmentat, instalate ca un sistem ventilat.<\/h5>\n<h5>O companie elve\u021bian\u0103 cu o mare tradi\u021bie<\/h5>\n<h5>De mul\u021bi ani, Swisspearl a dezvoltat produse inovatoare \u0219i durabile din materiale naturale, pentru a fi utilizate pentru \u00eenveli\u0219ul construc\u021biilor, design interior \u0219i \u00een gr\u0103din\u0103 &#8211; pe deplin orientat spre estetic\u0103, calitate \u0219i responsabilitate fa\u021b\u0103 de oameni \u0219i fa\u021b\u0103 de mediu. Produsele Swisspearl din atelierele din Niederurnen \u0219i Payerne din Elve\u021bia au devenit o parte esen\u021bial\u0103 a culturii elve\u021biene \u00een domeniul construc\u021biilor \u0219i au c\u00e2\u0219tigat repede influen\u021b\u0103 \u0219i \u00een restul lumii.<\/h5>\n<h5>Principiul de baz\u0103 \u0219i spiritul Swisspearl sunt propriile sale exigen\u021be de \u00eenalt\u0103 calitate \u0219i voin\u021ba de a dezvolta \u0219i de a produce modele de noi, func\u021bionale \u0219i estetice, \u00eentr-un parteneriat continuu cu arhitec\u021bi, designeri, me\u0219te\u0219ugari \u0219i furnizori de materiale de construc\u021bii. Swisspearl este singurul produc\u0103tor care a st\u0103p\u00e2nit procesele de produc\u021bie extrem de exigente pentru panourile din fibre de ciment integral colorate, oferite \u00eentr-o gam\u0103 at\u00e2t de larg\u0103 de nuan\u021be.<\/h5>\n<\/div><div class=\"fusion-builder-row fusion-builder-row-inner fusion-row \"><div  class=\"fusion-layout-column fusion_builder_column fusion_builder_column_1_2  fusion-one-half fusion-column-first 1_2\"  style='margin-top: 0px;margin-bottom: 20px;width:50%;width:calc(50% - ( ( 4% ) * 0.5 ) );margin-right:4%;'><div class=\"fusion-column-wrapper\" style=\"padding: 0px 0px 0px 0px;background-position:left top;background-repeat:no-repeat;-webkit-background-size:cover;-moz-background-size:cover;-o-background-size:cover;background-size:cover;\"  data-bg-url=\"\"><div class=\"fusion-button-wrapper fusion-aligncenter\"><style type=\"text\/css\" scoped=\"scoped\">.fusion-button.button-1 .fusion-button-text, .fusion-button.button-1 i {color:#ffffff;}.fusion-button.button-1 {border-width:0px;border-color:#ffffff;}.fusion-button.button-1 .fusion-button-icon-divider{border-color:#ffffff;}.fusion-button.button-1:hover .fusion-button-text, .fusion-button.button-1:hover i,.fusion-button.button-1:focus .fusion-button-text, .fusion-button.button-1:focus i,.fusion-button.button-1:active .fusion-button-text, .fusion-button.button-1:active{color:#ffffff;}.fusion-button.button-1:hover, .fusion-button.button-1:focus, .fusion-button.button-1:active{border-width:0px;border-color:#ffffff;}.fusion-button.button-1:hover .fusion-button-icon-divider, .fusion-button.button-1:hover .fusion-button-icon-divider, .fusion-button.button-1:active .fusion-button-icon-divider{border-color:#ffffff;}.fusion-button.button-1{width:auto;}<\/style><a class=\"fusion-button button-flat fusion-button-round button-large button-default button-1\" target=\"_self\" href=\"http:\/\/vsbda.md\/swisspearl\/produse\"><span class=\"fusion-button-text\">Produse<\/span><\/a><\/div><\/div><\/div><div  class=\"fusion-layout-column fusion_builder_column fusion_builder_column_1_2  fusion-one-half fusion-column-last 1_2\"  style='margin-top: 0px;margin-bottom: 20px;width:50%;width:calc(50% - ( ( 4% ) * 0.5 ) );'><div class=\"fusion-column-wrapper\" style=\"padding: 0px 0px 0px 0px;background-position:left top;background-repeat:no-repeat;-webkit-background-size:cover;-moz-background-size:cover;-o-background-size:cover;background-size:cover;\"  data-bg-url=\"\"><div class=\"fusion-button-wrapper fusion-aligncenter\"><style type=\"text\/css\" scoped=\"scoped\">.fusion-button.button-2 .fusion-button-text, .fusion-button.button-2 i {color:#ffffff;}.fusion-button.button-2 {border-width:0px;border-color:#ffffff;}.fusion-button.button-2 .fusion-button-icon-divider{border-color:#ffffff;}.fusion-button.button-2:hover .fusion-button-text, .fusion-button.button-2:hover i,.fusion-button.button-2:focus .fusion-button-text, .fusion-button.button-2:focus i,.fusion-button.button-2:active .fusion-button-text, .fusion-button.button-2:active{color:#ffffff;}.fusion-button.button-2:hover, .fusion-button.button-2:focus, .fusion-button.button-2:active{border-width:0px;border-color:#ffffff;}.fusion-button.button-2:hover .fusion-button-icon-divider, .fusion-button.button-2:hover .fusion-button-icon-divider, .fusion-button.button-2:active .fusion-button-icon-divider{border-color:#ffffff;}.fusion-button.button-2{width:auto;}<\/style><a class=\"fusion-button button-flat fusion-button-round button-large button-default button-2\" target=\"_self\" href=\"http:\/\/vsbda.md\/swisspearl\/galerie\"><span class=\"fusion-button-text\">Galerie<\/span><\/a><\/div><\/div><\/div><\/div><div class=\"fusion-clearfix\"><\/div>\n\n\t\t\t\t\t<\/div>\n\t\t\t\t<\/div><\/div><\/div>\n","protected":false},"excerpt":{"rendered":"","protected":false},"author":1,"featured_media":0,"parent":0,"menu_order":0,"comment_status":"closed","ping_status":"closed","template":"100-width.php","meta":[],"_links":{"self":[{"href":"https:\/\/vsbda.md\/en\/wp-json\/wp\/v2\/pages\/2002"}],"collection":[{"href":"https:\/\/vsbda.md\/en\/wp-json\/wp\/v2\/pages"}],"about":[{"href":"https:\/\/vsbda.md\/en\/wp-json\/wp\/v2\/types\/page"}],"author":[{"embeddable":true,"href":"https:\/\/vsbda.md\/en\/wp-json\/wp\/v2\/users\/1"}],"replies":[{"embeddable":true,"href":"https:\/\/vsbda.md\/en\/wp-json\/wp\/v2\/comments?post=2002"}],"version-history":[{"count":1,"href":"https:\/\/vsbda.md\/en\/wp-json\/wp\/v2\/pages\/2002\/revisions"}],"predecessor-version":[{"id":2162,"href":"https:\/\/vsbda.md\/en\/wp-json\/wp\/v2\/pages\/2002\/revisions\/2162"}],"wp:attachment":[{"href":"https:\/\/vsbda.md\/en\/wp-json\/wp\/v2\/media?parent=2002"}],"curies":[{"name":"wp","href":"https:\/\/api.w.org\/{rel}","templated":true}]}}