{"id":2010,"date":"2018-03-29T14:12:40","date_gmt":"2018-03-29T12:12:40","guid":{"rendered":"http:\/\/vsbda.md\/swisspearl\/produse\/mobilier-si-accesorii"},"modified":"2018-03-29T14:12:40","modified_gmt":"2018-03-29T12:12:40","slug":"mobilier-si-accesorii","status":"publish","type":"page","link":"https:\/\/vsbda.md\/en\/swisspearl\/produse\/mobilier-si-accesorii","title":{"rendered":"Mobilier \u0219i accesorii"},"content":{"rendered":"<p><div class=\"fusion-fullwidth fullwidth-box hundred-percent-fullwidth non-hundred-percent-height-scrolling\"  style='background-color: #464451;background-position: center center;background-repeat: no-repeat;padding-top:0px;padding-right:0px;padding-bottom:0px;padding-left:0px;'><div class=\"fusion-builder-row fusion-row \"><div  class=\"fusion-layout-column fusion_builder_column fusion_builder_column_1_1  fusion-one-full fusion-column-first fusion-column-last 1_1\"  style='margin-top:0px;margin-bottom:0px;'>\n\t\t\t\t\t<div class=\"fusion-column-wrapper\" style=\"padding: 40px 0px 40px 0px;background-position:left top;background-repeat:no-repeat;-webkit-background-size:cover;-moz-background-size:cover;-o-background-size:cover;background-size:cover;\"   data-bg-url=\"\">\n\t\t\t\t\t\t<div class=\"fusion-title title fusion-sep-none fusion-title-center fusion-title-size-one\" style=\"margin-top:0px;margin-bottom:0px;\"><h1 class=\"title-heading-center\"><span style=\"color: #ffffff;\">MOBILIER \u0218I ACCESORII<\/span><\/h1><\/div><div class=\"fusion-clearfix\"><\/div>\n\n\t\t\t\t\t<\/div>\n\t\t\t\t<\/div><\/div><\/div><div class=\"fusion-fullwidth fullwidth-box nonhundred-percent-fullwidth non-hundred-percent-height-scrolling\"  style='background-color: rgba(255,255,255,0);background-position: center center;background-repeat: no-repeat;padding-top:0px;padding-right:0px;padding-bottom:0px;padding-left:0px;'><div class=\"fusion-builder-row fusion-row \"><div  class=\"fusion-layout-column fusion_builder_column fusion_builder_column_1_1  fusion-one-full fusion-column-first fusion-column-last 1_1\"  style='margin-top:0px;margin-bottom:20px;'>\n\t\t\t\t\t<div class=\"fusion-column-wrapper\" style=\"padding: 0px 0px 0px 0px;background-position:left top;background-repeat:no-repeat;-webkit-background-size:cover;-moz-background-size:cover;-o-background-size:cover;background-size:cover;\"   data-bg-url=\"\">\n\t\t\t\t\t\t<div class=\"fusion-text\"><h4><span style=\"color: #333333;\">New forms of art for aesthetically pleasing living spaces.<\/span><\/h4>\n<h3 class=\"intro_header\"><span style=\"color: #333333;\">Mobilier \u0219i accesorii de Swisspearl\u00ae<\/span><\/h3>\n<h5>Fibra de ciment a reu\u0219it s\u0103 men\u021bin\u0103 o atrac\u021bie magic\u0103 de peste o jum\u0103tate de secol pe designeri din \u00eentreaga Europ\u0103. Posibilit\u0103\u021bile de proiectare vaste \u0219i caracteristicile produsului remarcabile ale produselor Swisspearl inspir\u0103 un design t\u00e2n\u0103r, creativ, precum \u0219i o arhitectur\u0103 interioar\u0103 orientat\u0103 practic. Spectrul designurilor cu adev\u0103rat unice pentru via\u021ba de ast\u0103zi, de la sistemul de mobilier exterior \u00een form\u0103 perfect\u0103, prin modele unice de tip \u00een grupuri de scaune, pe mese, rafturi, l\u0103mpi \u0219i multe altele.\u00a0<img loading=\"lazy\" class=\"size-full wp-image-417 alignright\" src=\"http:\/\/vsbda.md\/wp-content\/uploads\/2018\/04\/sw_mobilier1.png\" alt=\"\" width=\"284\" height=\"106\" srcset=\"https:\/\/vsbda.md\/wp-content\/uploads\/2018\/04\/sw_mobilier1-200x75.png 200w, https:\/\/vsbda.md\/wp-content\/uploads\/2018\/04\/sw_mobilier1.png 284w\" sizes=\"(max-width: 284px) 100vw, 284px\" \/><\/h5>\n<\/div><div class=\"fusion-clearfix\"><\/div>\n\n\t\t\t\t\t<\/div>\n\t\t\t\t<\/div><\/div><\/div><div class=\"fusion-fullwidth fullwidth-box nonhundred-percent-fullwidth non-hundred-percent-height-scrolling\"  style='background-color: rgba(255,255,255,0);background-position: center center;background-repeat: no-repeat;padding-top:0px;padding-right:0px;padding-bottom:0px;padding-left:0px;'><div class=\"fusion-builder-row fusion-row \"><div  class=\"fusion-layout-column fusion_builder_column fusion_builder_column_1_3  fusion-one-third fusion-column-first 1_3\"  style='margin-top:0px;margin-bottom:20px;width:33.33%;width:calc(33.33% - ( ( 4% + 4% ) * 0.3333 ) );margin-right: 4%;'>\n\t\t\t\t\t<div class=\"fusion-column-wrapper\" style=\"padding: 0px 0px 0px 0px;background-position:left top;background-repeat:no-repeat;-webkit-background-size:cover;-moz-background-size:cover;-o-background-size:cover;background-size:cover;\"   data-bg-url=\"\">\n\t\t\t\t\t\t<div class=\"imageframe-align-center\"><span class=\"fusion-imageframe imageframe-none imageframe-1 hover-type-none\"><img loading=\"lazy\" src=\"http:\/\/vsbda.md\/wp-content\/uploads\/2018\/04\/Birdy_Nistbox1.jpg\" width=\"\" height=\"\" alt=\"\" title=\"Birdy_Nistbox1\" class=\"img-responsive wp-image-1341\" srcset=\"https:\/\/vsbda.md\/wp-content\/uploads\/2018\/04\/Birdy_Nistbox1-200x200.jpg 200w, https:\/\/vsbda.md\/wp-content\/uploads\/2018\/04\/Birdy_Nistbox1-400x400.jpg 400w, https:\/\/vsbda.md\/wp-content\/uploads\/2018\/04\/Birdy_Nistbox1.jpg 520w\" sizes=\"(max-width: 800px) 100vw, 400px\" \/><\/span><\/div><div class=\"fusion-text\"><h5 style=\"text-align: center;\">BIRDY NISTBOX<\/h5>\n<\/div><div class=\"fusion-clearfix\"><\/div>\n\n\t\t\t\t\t<\/div>\n\t\t\t\t<\/div><div  class=\"fusion-layout-column fusion_builder_column fusion_builder_column_1_3  fusion-one-third 1_3\"  style='margin-top:0px;margin-bottom:20px;width:33.33%;width:calc(33.33% - ( ( 4% + 4% ) * 0.3333 ) );margin-right: 4%;'>\n\t\t\t\t\t<div class=\"fusion-column-wrapper\" style=\"padding: 0px 0px 0px 0px;background-position:left top;background-repeat:no-repeat;-webkit-background-size:cover;-moz-background-size:cover;-o-background-size:cover;background-size:cover;\"   data-bg-url=\"\">\n\t\t\t\t\t\t<div class=\"imageframe-align-center\"><span class=\"fusion-imageframe imageframe-none imageframe-2 hover-type-none\"><img loading=\"lazy\" src=\"http:\/\/vsbda.md\/wp-content\/uploads\/2018\/04\/Cheers_wine_rack1.jpg\" width=\"\" height=\"\" alt=\"\" title=\"Cheers_wine_rack1\" class=\"img-responsive wp-image-1343\" srcset=\"https:\/\/vsbda.md\/wp-content\/uploads\/2018\/04\/Cheers_wine_rack1-200x200.jpg 200w, https:\/\/vsbda.md\/wp-content\/uploads\/2018\/04\/Cheers_wine_rack1-400x400.jpg 400w, https:\/\/vsbda.md\/wp-content\/uploads\/2018\/04\/Cheers_wine_rack1.jpg 520w\" sizes=\"(max-width: 800px) 100vw, 400px\" \/><\/span><\/div><div class=\"fusion-text\"><h5 style=\"text-align: center;\">CHEERS WINE RACK<\/h5>\n<\/div><div class=\"fusion-clearfix\"><\/div>\n\n\t\t\t\t\t<\/div>\n\t\t\t\t<\/div><div  class=\"fusion-layout-column fusion_builder_column fusion_builder_column_1_3  fusion-one-third fusion-column-last 1_3\"  style='margin-top:0px;margin-bottom:20px;width:33.33%;width:calc(33.33% - ( ( 4% + 4% ) * 0.3333 ) );'>\n\t\t\t\t\t<div class=\"fusion-column-wrapper\" style=\"padding: 0px 0px 0px 0px;background-position:left top;background-repeat:no-repeat;-webkit-background-size:cover;-moz-background-size:cover;-o-background-size:cover;background-size:cover;\"   data-bg-url=\"\">\n\t\t\t\t\t\t<div class=\"imageframe-align-center\"><span class=\"fusion-imageframe imageframe-none imageframe-3 hover-type-none\"><img loading=\"lazy\" src=\"http:\/\/vsbda.md\/wp-content\/uploads\/2018\/04\/Dune_Lounge1.jpg\" width=\"\" height=\"\" alt=\"\" title=\"Dune_Lounge1\" class=\"img-responsive wp-image-1345\" srcset=\"https:\/\/vsbda.md\/wp-content\/uploads\/2018\/04\/Dune_Lounge1-200x200.jpg 200w, https:\/\/vsbda.md\/wp-content\/uploads\/2018\/04\/Dune_Lounge1-400x400.jpg 400w, https:\/\/vsbda.md\/wp-content\/uploads\/2018\/04\/Dune_Lounge1.jpg 520w\" sizes=\"(max-width: 800px) 100vw, 400px\" \/><\/span><\/div><div class=\"fusion-text\"><h5 style=\"text-align: center;\">DUNE LOUNGE<\/h5>\n<\/div><div class=\"fusion-clearfix\"><\/div>\n\n\t\t\t\t\t<\/div>\n\t\t\t\t<\/div><div  class=\"fusion-layout-column fusion_builder_column fusion_builder_column_1_3  fusion-one-third fusion-column-first 1_3\"  style='margin-top:0px;margin-bottom:20px;width:33.33%;width:calc(33.33% - ( ( 4% + 4% ) * 0.3333 ) );margin-right: 4%;'>\n\t\t\t\t\t<div class=\"fusion-column-wrapper\" style=\"padding: 0px 0px 0px 0px;background-position:left top;background-repeat:no-repeat;-webkit-background-size:cover;-moz-background-size:cover;-o-background-size:cover;background-size:cover;\"   data-bg-url=\"\">\n\t\t\t\t\t\t<div class=\"imageframe-align-center\"><span class=\"fusion-imageframe imageframe-none imageframe-4 hover-type-none\"><img loading=\"lazy\" src=\"http:\/\/vsbda.md\/wp-content\/uploads\/2018\/04\/Dune_Table1.jpg\" width=\"\" height=\"\" alt=\"\" title=\"Dune_Table1\" class=\"img-responsive wp-image-1347\" srcset=\"https:\/\/vsbda.md\/wp-content\/uploads\/2018\/04\/Dune_Table1-200x200.jpg 200w, https:\/\/vsbda.md\/wp-content\/uploads\/2018\/04\/Dune_Table1-400x400.jpg 400w, https:\/\/vsbda.md\/wp-content\/uploads\/2018\/04\/Dune_Table1.jpg 520w\" sizes=\"(max-width: 800px) 100vw, 400px\" \/><\/span><\/div><div class=\"fusion-text\"><h5 style=\"text-align: center;\">DUNE TABLE<\/h5>\n<\/div><div class=\"fusion-clearfix\"><\/div>\n\n\t\t\t\t\t<\/div>\n\t\t\t\t<\/div><div  class=\"fusion-layout-column fusion_builder_column fusion_builder_column_1_3  fusion-one-third 1_3\"  style='margin-top:0px;margin-bottom:20px;width:33.33%;width:calc(33.33% - ( ( 4% + 4% ) * 0.3333 ) );margin-right: 4%;'>\n\t\t\t\t\t<div class=\"fusion-column-wrapper\" style=\"padding: 0px 0px 0px 0px;background-position:left top;background-repeat:no-repeat;-webkit-background-size:cover;-moz-background-size:cover;-o-background-size:cover;background-size:cover;\"   data-bg-url=\"\">\n\t\t\t\t\t\t<div class=\"imageframe-align-center\"><span class=\"fusion-imageframe imageframe-none imageframe-5 hover-type-none\"><img loading=\"lazy\" src=\"http:\/\/vsbda.md\/wp-content\/uploads\/2018\/04\/Ecal_Chair1.jpg\" width=\"\" height=\"\" alt=\"\" title=\"Ecal_Chair1\" class=\"img-responsive wp-image-1349\" srcset=\"https:\/\/vsbda.md\/wp-content\/uploads\/2018\/04\/Ecal_Chair1-200x200.jpg 200w, https:\/\/vsbda.md\/wp-content\/uploads\/2018\/04\/Ecal_Chair1-400x400.jpg 400w, https:\/\/vsbda.md\/wp-content\/uploads\/2018\/04\/Ecal_Chair1.jpg 520w\" sizes=\"(max-width: 800px) 100vw, 400px\" \/><\/span><\/div><div class=\"fusion-text\"><h5 style=\"text-align: center;\">ECAL CHAIR<\/h5>\n<\/div><div class=\"fusion-clearfix\"><\/div>\n\n\t\t\t\t\t<\/div>\n\t\t\t\t<\/div><div  class=\"fusion-layout-column fusion_builder_column fusion_builder_column_1_3  fusion-one-third fusion-column-last 1_3\"  style='margin-top:0px;margin-bottom:20px;width:33.33%;width:calc(33.33% - ( ( 4% + 4% ) * 0.3333 ) );'>\n\t\t\t\t\t<div class=\"fusion-column-wrapper\" style=\"padding: 0px 0px 0px 0px;background-position:left top;background-repeat:no-repeat;-webkit-background-size:cover;-moz-background-size:cover;-o-background-size:cover;background-size:cover;\"   data-bg-url=\"\">\n\t\t\t\t\t\t<div class=\"imageframe-align-center\"><span class=\"fusion-imageframe imageframe-none imageframe-6 hover-type-none\"><img loading=\"lazy\" src=\"http:\/\/vsbda.md\/wp-content\/uploads\/2018\/04\/Ecal_Desk1.jpg\" width=\"\" height=\"\" alt=\"\" title=\"Ecal_Desk1\" class=\"img-responsive wp-image-1351\" srcset=\"https:\/\/vsbda.md\/wp-content\/uploads\/2018\/04\/Ecal_Desk1-200x200.jpg 200w, https:\/\/vsbda.md\/wp-content\/uploads\/2018\/04\/Ecal_Desk1-400x400.jpg 400w, https:\/\/vsbda.md\/wp-content\/uploads\/2018\/04\/Ecal_Desk1.jpg 520w\" sizes=\"(max-width: 800px) 100vw, 400px\" \/><\/span><\/div><div class=\"fusion-text\"><h5 style=\"text-align: center;\">ECAL DESK<\/h5>\n<\/div><div class=\"fusion-clearfix\"><\/div>\n\n\t\t\t\t\t<\/div>\n\t\t\t\t<\/div><div  class=\"fusion-layout-column fusion_builder_column fusion_builder_column_1_3  fusion-one-third fusion-column-first 1_3\"  style='margin-top:0px;margin-bottom:20px;width:33.33%;width:calc(33.33% - ( ( 4% + 4% ) * 0.3333 ) );margin-right: 4%;'>\n\t\t\t\t\t<div class=\"fusion-column-wrapper\" style=\"padding: 0px 0px 0px 0px;background-position:left top;background-repeat:no-repeat;-webkit-background-size:cover;-moz-background-size:cover;-o-background-size:cover;background-size:cover;\"   data-bg-url=\"\">\n\t\t\t\t\t\t<div class=\"imageframe-align-center\"><span class=\"fusion-imageframe imageframe-none imageframe-7 hover-type-none\"><img loading=\"lazy\" src=\"http:\/\/vsbda.md\/wp-content\/uploads\/2018\/04\/Guhl_Chair1.jpg\" width=\"\" height=\"\" alt=\"\" title=\"Guhl_Chair1\" class=\"img-responsive wp-image-1353\" srcset=\"https:\/\/vsbda.md\/wp-content\/uploads\/2018\/04\/Guhl_Chair1-200x200.jpg 200w, https:\/\/vsbda.md\/wp-content\/uploads\/2018\/04\/Guhl_Chair1-400x400.jpg 400w, https:\/\/vsbda.md\/wp-content\/uploads\/2018\/04\/Guhl_Chair1.jpg 520w\" sizes=\"(max-width: 800px) 100vw, 400px\" \/><\/span><\/div><div class=\"fusion-text\"><h5 style=\"text-align: center;\">GUHL CHAIR<\/h5>\n<\/div><div class=\"fusion-clearfix\"><\/div>\n\n\t\t\t\t\t<\/div>\n\t\t\t\t<\/div><div  class=\"fusion-layout-column fusion_builder_column fusion_builder_column_1_3  fusion-one-third 1_3\"  style='margin-top:0px;margin-bottom:20px;width:33.33%;width:calc(33.33% - ( ( 4% + 4% ) * 0.3333 ) );margin-right: 4%;'>\n\t\t\t\t\t<div class=\"fusion-column-wrapper\" style=\"padding: 0px 0px 0px 0px;background-position:left top;background-repeat:no-repeat;-webkit-background-size:cover;-moz-background-size:cover;-o-background-size:cover;background-size:cover;\"   data-bg-url=\"\">\n\t\t\t\t\t\t<div class=\"imageframe-align-center\"><span class=\"fusion-imageframe imageframe-none imageframe-8 hover-type-none\"><img loading=\"lazy\" src=\"http:\/\/vsbda.md\/wp-content\/uploads\/2018\/04\/Guhl_Desk1.jpg\" width=\"\" height=\"\" alt=\"\" title=\"Guhl_Desk1\" class=\"img-responsive wp-image-1355\" srcset=\"https:\/\/vsbda.md\/wp-content\/uploads\/2018\/04\/Guhl_Desk1-200x200.jpg 200w, https:\/\/vsbda.md\/wp-content\/uploads\/2018\/04\/Guhl_Desk1-400x400.jpg 400w, https:\/\/vsbda.md\/wp-content\/uploads\/2018\/04\/Guhl_Desk1.jpg 520w\" sizes=\"(max-width: 800px) 100vw, 400px\" \/><\/span><\/div><div class=\"fusion-text\"><h5 style=\"text-align: center;\">GUHL DESK<\/h5>\n<\/div><div class=\"fusion-clearfix\"><\/div>\n\n\t\t\t\t\t<\/div>\n\t\t\t\t<\/div><div  class=\"fusion-layout-column fusion_builder_column fusion_builder_column_1_3  fusion-one-third fusion-column-last 1_3\"  style='margin-top:0px;margin-bottom:20px;width:33.33%;width:calc(33.33% - ( ( 4% + 4% ) * 0.3333 ) );'>\n\t\t\t\t\t<div class=\"fusion-column-wrapper\" style=\"padding: 0px 0px 0px 0px;background-position:left top;background-repeat:no-repeat;-webkit-background-size:cover;-moz-background-size:cover;-o-background-size:cover;background-size:cover;\"   data-bg-url=\"\">\n\t\t\t\t\t\t<div class=\"imageframe-align-center\"><span class=\"fusion-imageframe imageframe-none imageframe-9 hover-type-none\"><img loading=\"lazy\" src=\"http:\/\/vsbda.md\/wp-content\/uploads\/2018\/04\/HokuspokusDesk1.jpg\" width=\"\" height=\"\" alt=\"\" title=\"HokuspokusDesk1\" class=\"img-responsive wp-image-1357\" srcset=\"https:\/\/vsbda.md\/wp-content\/uploads\/2018\/04\/HokuspokusDesk1-200x200.jpg 200w, https:\/\/vsbda.md\/wp-content\/uploads\/2018\/04\/HokuspokusDesk1-400x400.jpg 400w, https:\/\/vsbda.md\/wp-content\/uploads\/2018\/04\/HokuspokusDesk1.jpg 520w\" sizes=\"(max-width: 800px) 100vw, 400px\" \/><\/span><\/div><div class=\"fusion-text\"><h5 style=\"text-align: center;\">HOKUSPOKUS DESK<\/h5>\n<\/div><div class=\"fusion-clearfix\"><\/div>\n\n\t\t\t\t\t<\/div>\n\t\t\t\t<\/div><div  class=\"fusion-layout-column fusion_builder_column fusion_builder_column_1_3  fusion-one-third fusion-column-first 1_3\"  style='margin-top:0px;margin-bottom:20px;width:33.33%;width:calc(33.33% - ( ( 4% + 4% ) * 0.3333 ) );margin-right: 4%;'>\n\t\t\t\t\t<div class=\"fusion-column-wrapper\" style=\"padding: 0px 0px 0px 0px;background-position:left top;background-repeat:no-repeat;-webkit-background-size:cover;-moz-background-size:cover;-o-background-size:cover;background-size:cover;\"   data-bg-url=\"\">\n\t\t\t\t\t\t<div class=\"imageframe-align-center\"><span class=\"fusion-imageframe imageframe-none imageframe-10 hover-type-none\"><img loading=\"lazy\" src=\"http:\/\/vsbda.md\/wp-content\/uploads\/2018\/04\/MoldLamp1.jpg\" width=\"\" height=\"\" alt=\"\" title=\"MoldLamp1\" class=\"img-responsive wp-image-1359\" srcset=\"https:\/\/vsbda.md\/wp-content\/uploads\/2018\/04\/MoldLamp1-200x200.jpg 200w, https:\/\/vsbda.md\/wp-content\/uploads\/2018\/04\/MoldLamp1-400x400.jpg 400w, https:\/\/vsbda.md\/wp-content\/uploads\/2018\/04\/MoldLamp1.jpg 520w\" sizes=\"(max-width: 800px) 100vw, 400px\" \/><\/span><\/div><div class=\"fusion-text\"><h5 style=\"text-align: center;\">MOLD LAMP<\/h5>\n<\/div><div class=\"fusion-clearfix\"><\/div>\n\n\t\t\t\t\t<\/div>\n\t\t\t\t<\/div><div  class=\"fusion-layout-column fusion_builder_column fusion_builder_column_1_3  fusion-one-third 1_3\"  style='margin-top:0px;margin-bottom:20px;width:33.33%;width:calc(33.33% - ( ( 4% + 4% ) * 0.3333 ) );margin-right: 4%;'>\n\t\t\t\t\t<div class=\"fusion-column-wrapper\" style=\"padding: 0px 0px 0px 0px;background-position:left top;background-repeat:no-repeat;-webkit-background-size:cover;-moz-background-size:cover;-o-background-size:cover;background-size:cover;\"   data-bg-url=\"\">\n\t\t\t\t\t\t<div class=\"imageframe-align-center\"><span class=\"fusion-imageframe imageframe-none imageframe-11 hover-type-none\"><img loading=\"lazy\" src=\"http:\/\/vsbda.md\/wp-content\/uploads\/2018\/04\/Sponeck_Chair1.jpg\" width=\"\" height=\"\" alt=\"\" title=\"Sponeck_Chair1\" class=\"img-responsive wp-image-1361\" srcset=\"https:\/\/vsbda.md\/wp-content\/uploads\/2018\/04\/Sponeck_Chair1-200x200.jpg 200w, https:\/\/vsbda.md\/wp-content\/uploads\/2018\/04\/Sponeck_Chair1-400x400.jpg 400w, https:\/\/vsbda.md\/wp-content\/uploads\/2018\/04\/Sponeck_Chair1.jpg 520w\" sizes=\"(max-width: 800px) 100vw, 400px\" \/><\/span><\/div><div class=\"fusion-text\"><h5 style=\"text-align: center;\">SPONECK CHAIR<\/h5>\n<\/div><div class=\"fusion-clearfix\"><\/div>\n\n\t\t\t\t\t<\/div>\n\t\t\t\t<\/div><div  class=\"fusion-layout-column fusion_builder_column fusion_builder_column_1_3  fusion-one-third fusion-column-last 1_3\"  style='margin-top:0px;margin-bottom:20px;width:33.33%;width:calc(33.33% - ( ( 4% + 4% ) * 0.3333 ) );'>\n\t\t\t\t\t<div class=\"fusion-column-wrapper\" style=\"padding: 0px 0px 0px 0px;background-position:left top;background-repeat:no-repeat;-webkit-background-size:cover;-moz-background-size:cover;-o-background-size:cover;background-size:cover;\"   data-bg-url=\"\">\n\t\t\t\t\t\t<div class=\"imageframe-align-center\"><span class=\"fusion-imageframe imageframe-none imageframe-12 hover-type-none\"><img loading=\"lazy\" src=\"http:\/\/vsbda.md\/wp-content\/uploads\/2018\/04\/Sponeck_Desk1.jpg\" width=\"\" height=\"\" alt=\"\" title=\"Sponeck_Desk1\" class=\"img-responsive wp-image-1363\" srcset=\"https:\/\/vsbda.md\/wp-content\/uploads\/2018\/04\/Sponeck_Desk1-200x200.jpg 200w, https:\/\/vsbda.md\/wp-content\/uploads\/2018\/04\/Sponeck_Desk1-400x400.jpg 400w, https:\/\/vsbda.md\/wp-content\/uploads\/2018\/04\/Sponeck_Desk1.jpg 520w\" sizes=\"(max-width: 800px) 100vw, 400px\" \/><\/span><\/div><div class=\"fusion-text\"><h5 style=\"text-align: center;\">SPONECK DESK<\/h5>\n<\/div><div class=\"fusion-clearfix\"><\/div>\n\n\t\t\t\t\t<\/div>\n\t\t\t\t<\/div><div  class=\"fusion-layout-column fusion_builder_column fusion_builder_column_1_3  fusion-one-third fusion-column-first 1_3\"  style='margin-top:0px;margin-bottom:20px;width:33.33%;width:calc(33.33% - ( ( 4% + 4% ) * 0.3333 ) );margin-right: 4%;'>\n\t\t\t\t\t<div class=\"fusion-column-wrapper\" style=\"padding: 0px 0px 0px 0px;background-position:left top;background-repeat:no-repeat;-webkit-background-size:cover;-moz-background-size:cover;-o-background-size:cover;background-size:cover;\"   data-bg-url=\"\">\n\t\t\t\t\t\t<div class=\"imageframe-align-center\"><span class=\"fusion-imageframe imageframe-none imageframe-13 hover-type-none\"><img loading=\"lazy\" src=\"http:\/\/vsbda.md\/wp-content\/uploads\/2018\/04\/Tetris_Shelf1.jpg\" width=\"\" height=\"\" alt=\"\" title=\"Tetris_Shelf1\" class=\"img-responsive wp-image-1365\" srcset=\"https:\/\/vsbda.md\/wp-content\/uploads\/2018\/04\/Tetris_Shelf1-200x200.jpg 200w, https:\/\/vsbda.md\/wp-content\/uploads\/2018\/04\/Tetris_Shelf1-400x400.jpg 400w, https:\/\/vsbda.md\/wp-content\/uploads\/2018\/04\/Tetris_Shelf1.jpg 520w\" sizes=\"(max-width: 800px) 100vw, 400px\" \/><\/span><\/div><div class=\"fusion-text\"><h5 style=\"text-align: center;\">TETRIS SHELF<\/h5>\n<\/div><div class=\"fusion-clearfix\"><\/div>\n\n\t\t\t\t\t<\/div>\n\t\t\t\t<\/div><div  class=\"fusion-layout-column fusion_builder_column fusion_builder_column_1_3  fusion-one-third 1_3\"  style='margin-top:0px;margin-bottom:20px;width:33.33%;width:calc(33.33% - ( ( 4% + 4% ) * 0.3333 ) );margin-right: 4%;'>\n\t\t\t\t\t<div class=\"fusion-column-wrapper\" style=\"padding: 0px 0px 0px 0px;background-position:left top;background-repeat:no-repeat;-webkit-background-size:cover;-moz-background-size:cover;-o-background-size:cover;background-size:cover;\"   data-bg-url=\"\">\n\t\t\t\t\t\t<div class=\"imageframe-align-center\"><span class=\"fusion-imageframe imageframe-none imageframe-14 hover-type-none\"><img loading=\"lazy\" src=\"http:\/\/vsbda.md\/wp-content\/uploads\/2018\/04\/The_Bench1.jpg\" width=\"\" height=\"\" alt=\"\" title=\"The_Bench1\" class=\"img-responsive wp-image-1367\" srcset=\"https:\/\/vsbda.md\/wp-content\/uploads\/2018\/04\/The_Bench1-200x200.jpg 200w, https:\/\/vsbda.md\/wp-content\/uploads\/2018\/04\/The_Bench1-400x400.jpg 400w, https:\/\/vsbda.md\/wp-content\/uploads\/2018\/04\/The_Bench1.jpg 520w\" sizes=\"(max-width: 800px) 100vw, 400px\" \/><\/span><\/div><div class=\"fusion-text\"><h5 style=\"text-align: center;\">THE BENCH<\/h5>\n<\/div><div class=\"fusion-clearfix\"><\/div>\n\n\t\t\t\t\t<\/div>\n\t\t\t\t<\/div><div  class=\"fusion-layout-column fusion_builder_column fusion_builder_column_1_3  fusion-one-third fusion-column-last 1_3\"  style='margin-top:0px;margin-bottom:20px;width:33.33%;width:calc(33.33% - ( ( 4% + 4% ) * 0.3333 ) );'>\n\t\t\t\t\t<div class=\"fusion-column-wrapper\" style=\"padding: 0px 0px 0px 0px;background-position:left top;background-repeat:no-repeat;-webkit-background-size:cover;-moz-background-size:cover;-o-background-size:cover;background-size:cover;\"   data-bg-url=\"\">\n\t\t\t\t\t\t<div class=\"imageframe-align-center\"><span class=\"fusion-imageframe imageframe-none imageframe-15 hover-type-none\"><img loading=\"lazy\" src=\"http:\/\/vsbda.md\/wp-content\/uploads\/2018\/04\/Trash_Cube_Stool1.jpg\" width=\"\" height=\"\" alt=\"\" title=\"Trash_Cube_Stool1\" class=\"img-responsive wp-image-1369\" srcset=\"https:\/\/vsbda.md\/wp-content\/uploads\/2018\/04\/Trash_Cube_Stool1-200x200.jpg 200w, https:\/\/vsbda.md\/wp-content\/uploads\/2018\/04\/Trash_Cube_Stool1-400x400.jpg 400w, https:\/\/vsbda.md\/wp-content\/uploads\/2018\/04\/Trash_Cube_Stool1.jpg 520w\" sizes=\"(max-width: 800px) 100vw, 400px\" \/><\/span><\/div><div class=\"fusion-text\"><h5 style=\"text-align: center;\">TRASH CUBE STOOL<\/h5>\n<\/div><div class=\"fusion-clearfix\"><\/div>\n\n\t\t\t\t\t<\/div>\n\t\t\t\t<\/div><\/div><\/div><\/p>\n","protected":false},"excerpt":{"rendered":"","protected":false},"author":1,"featured_media":0,"parent":2006,"menu_order":0,"comment_status":"closed","ping_status":"closed","template":"100-width.php","meta":[],"_links":{"self":[{"href":"https:\/\/vsbda.md\/en\/wp-json\/wp\/v2\/pages\/2010"}],"collection":[{"href":"https:\/\/vsbda.md\/en\/wp-json\/wp\/v2\/pages"}],"about":[{"href":"https:\/\/vsbda.md\/en\/wp-json\/wp\/v2\/types\/page"}],"author":[{"embeddable":true,"href":"https:\/\/vsbda.md\/en\/wp-json\/wp\/v2\/users\/1"}],"replies":[{"embeddable":true,"href":"https:\/\/vsbda.md\/en\/wp-json\/wp\/v2\/comments?post=2010"}],"version-history":[{"count":0,"href":"https:\/\/vsbda.md\/en\/wp-json\/wp\/v2\/pages\/2010\/revisions"}],"up":[{"embeddable":true,"href":"https:\/\/vsbda.md\/en\/wp-json\/wp\/v2\/pages\/2006"}],"wp:attachment":[{"href":"https:\/\/vsbda.md\/en\/wp-json\/wp\/v2\/media?parent=2010"}],"curies":[{"name":"wp","href":"https:\/\/api.w.org\/{rel}","templated":true}]}}