{"id":2022,"date":"2018-03-29T14:23:11","date_gmt":"2018-03-29T12:23:11","guid":{"rendered":"http:\/\/vsbda.md\/swisspearl\/produse\/swisspearl-a-5-a-fatada"},"modified":"2018-03-29T14:23:11","modified_gmt":"2018-03-29T12:23:11","slug":"swisspearl-a-5-a-fatada","status":"publish","type":"page","link":"https:\/\/vsbda.md\/en\/swisspearl\/produse\/swisspearl-a-5-a-fatada","title":{"rendered":"Swisspearl a 5-a fa\u021bad\u0103"},"content":{"rendered":"<p><div class=\"fusion-fullwidth fullwidth-box hundred-percent-fullwidth non-hundred-percent-height-scrolling\"  style='background-color: #464451;background-position: center center;background-repeat: no-repeat;padding-top:0px;padding-right:0px;padding-bottom:0px;padding-left:0px;'><div class=\"fusion-builder-row fusion-row \"><div  class=\"fusion-layout-column fusion_builder_column fusion_builder_column_1_1  fusion-one-full fusion-column-first fusion-column-last 1_1\"  style='margin-top:0px;margin-bottom:0px;'>\n\t\t\t\t\t<div class=\"fusion-column-wrapper\" style=\"padding: 40px 0px 40px 0px;background-position:left top;background-repeat:no-repeat;-webkit-background-size:cover;-moz-background-size:cover;-o-background-size:cover;background-size:cover;\"   data-bg-url=\"\">\n\t\t\t\t\t\t<div class=\"fusion-title title fusion-sep-none fusion-title-center fusion-title-size-one\" style=\"margin-top:0px;margin-bottom:0px;\"><h1 class=\"title-heading-center\"><span style=\"color: #ffffff;\">SWISSPEARL A 5-A FA\u021aAD\u0102<\/span><\/h1><\/div><div class=\"fusion-clearfix\"><\/div>\n\n\t\t\t\t\t<\/div>\n\t\t\t\t<\/div><\/div><\/div><div class=\"fusion-fullwidth fullwidth-box nonhundred-percent-fullwidth non-hundred-percent-height-scrolling\"  style='background-color: rgba(255,255,255,0);background-position: center center;background-repeat: no-repeat;padding-top:0px;padding-right:0px;padding-bottom:0px;padding-left:0px;'><div class=\"fusion-builder-row fusion-row \"><div  class=\"fusion-layout-column fusion_builder_column fusion_builder_column_1_1  fusion-one-full fusion-column-first fusion-column-last 1_1\"  style='margin-top:0px;margin-bottom:20px;'>\n\t\t\t\t\t<div class=\"fusion-column-wrapper\" style=\"padding: 0px 0px 0px 0px;background-position:left top;background-repeat:no-repeat;-webkit-background-size:cover;-moz-background-size:cover;-o-background-size:cover;background-size:cover;\"   data-bg-url=\"\">\n\t\t\t\t\t\t<div class=\"fusion-text\"><h5>O limb\u0103 clar\u0103 pentru a exprima viziunile arhitectonice<\/h5>\n<h3><span style=\"color: #333333;\">L\u0103sa\u021bi conven\u021bionalul \u00een spate \u0219i lovi\u021bi c\u0103ile noi.<\/span><\/h3>\n<h5>Swisspearl v\u0103 invit\u0103 s\u0103 experimenta\u021bi cu spa\u021biu, form\u0103 \u0219i suprafe\u021be \u0219i s\u0103 dezvolta\u021bi solu\u021bii creative, f\u0103r\u0103 a compromite \u00een vreun fel fiabilitatea func\u021bional\u0103. Panourile de acoperi\u0219 cu format mare, cu calitatea lor Swisspearl dovedit\u0103, vor ad\u0103uga caracterul acoperi\u0219urilor cu o pant\u0103 de doar 6 grade sau mai mult \u0219i vor oferi un efect vizual deosebit chiar \u0219i atunci c\u00e2nd sunt v\u0103zute de la distan\u021b\u0103.<\/h5>\n<\/div><div class=\"fusion-builder-row fusion-builder-row-inner fusion-row \"><div  class=\"fusion-layout-column fusion_builder_column fusion_builder_column_1_3  fusion-one-third fusion-column-first 1_3\"  style='margin-top: 0px;margin-bottom: 20px;width:33.33%;width:calc(33.33% - ( ( 4% + 4% ) * 0.3333 ) );margin-right:4%;'><div class=\"fusion-column-wrapper\" style=\"padding: 0px 0px 0px 0px;background-position:left top;background-repeat:no-repeat;-webkit-background-size:cover;-moz-background-size:cover;-o-background-size:cover;background-size:cover;\"  data-bg-url=\"\"><div class=\"imageframe-align-center\"><span class=\"fusion-imageframe imageframe-none imageframe-1 hover-type-none\"><img loading=\"lazy\" src=\"http:\/\/vsbda.md\/wp-content\/uploads\/2018\/03\/SW_5fatada2.jpg\" width=\"\" height=\"\" alt=\"\" title=\"SW_5fatada2\" class=\"img-responsive wp-image-1233\" srcset=\"https:\/\/vsbda.md\/wp-content\/uploads\/2018\/03\/SW_5fatada2-200x200.jpg 200w, https:\/\/vsbda.md\/wp-content\/uploads\/2018\/03\/SW_5fatada2-400x400.jpg 400w, https:\/\/vsbda.md\/wp-content\/uploads\/2018\/03\/SW_5fatada2.jpg 512w\" sizes=\"(max-width: 800px) 100vw, 512px\" \/><\/span><\/div><\/div><\/div><div  class=\"fusion-layout-column fusion_builder_column fusion_builder_column_1_3  fusion-one-third 1_3\"  style='margin-top: 0px;margin-bottom: 20px;width:33.33%;width:calc(33.33% - ( ( 4% + 4% ) * 0.3333 ) );margin-right:4%;'><div class=\"fusion-column-wrapper\" style=\"padding: 0px 0px 0px 0px;background-position:left top;background-repeat:no-repeat;-webkit-background-size:cover;-moz-background-size:cover;-o-background-size:cover;background-size:cover;\"  data-bg-url=\"\"><div class=\"imageframe-align-center\"><span class=\"fusion-imageframe imageframe-none imageframe-2 hover-type-none\"><img loading=\"lazy\" src=\"http:\/\/vsbda.md\/wp-content\/uploads\/2018\/03\/SW_5fatada3.jpg\" width=\"\" height=\"\" alt=\"\" title=\"SW_5fatada3\" class=\"img-responsive wp-image-1235\" srcset=\"https:\/\/vsbda.md\/wp-content\/uploads\/2018\/03\/SW_5fatada3-200x200.jpg 200w, https:\/\/vsbda.md\/wp-content\/uploads\/2018\/03\/SW_5fatada3-400x400.jpg 400w, https:\/\/vsbda.md\/wp-content\/uploads\/2018\/03\/SW_5fatada3.jpg 512w\" sizes=\"(max-width: 800px) 100vw, 512px\" \/><\/span><\/div><\/div><\/div><div  class=\"fusion-layout-column fusion_builder_column fusion_builder_column_1_3  fusion-one-third fusion-column-last 1_3\"  style='margin-top: 0px;margin-bottom: 20px;width:33.33%;width:calc(33.33% - ( ( 4% + 4% ) * 0.3333 ) );'><div class=\"fusion-column-wrapper\" style=\"padding: 0px 0px 0px 0px;background-position:left top;background-repeat:no-repeat;-webkit-background-size:cover;-moz-background-size:cover;-o-background-size:cover;background-size:cover;\"  data-bg-url=\"\"><div class=\"imageframe-align-center\"><span class=\"fusion-imageframe imageframe-none imageframe-3 hover-type-none\"><img loading=\"lazy\" src=\"http:\/\/vsbda.md\/wp-content\/uploads\/2018\/03\/SW_5fatada4.jpg\" width=\"\" height=\"\" alt=\"\" title=\"SW_5fatada4\" class=\"img-responsive wp-image-1237\" srcset=\"https:\/\/vsbda.md\/wp-content\/uploads\/2018\/03\/SW_5fatada4-200x200.jpg 200w, https:\/\/vsbda.md\/wp-content\/uploads\/2018\/03\/SW_5fatada4-400x400.jpg 400w, https:\/\/vsbda.md\/wp-content\/uploads\/2018\/03\/SW_5fatada4.jpg 512w\" sizes=\"(max-width: 800px) 100vw, 512px\" \/><\/span><\/div><\/div><\/div><\/div><div class=\"fusion-clearfix\"><\/div>\n\n\t\t\t\t\t<\/div>\n\t\t\t\t<\/div><\/div><\/div><div class=\"fusion-fullwidth fullwidth-box hundred-percent-fullwidth non-hundred-percent-height-scrolling\"  style='background-color: #464451;background-position: center center;background-repeat: no-repeat;padding-top:0px;padding-right:0px;padding-bottom:0px;padding-left:0px;'><div class=\"fusion-builder-row fusion-row \"><div  class=\"fusion-layout-column fusion_builder_column fusion_builder_column_1_1  fusion-one-full fusion-column-first fusion-column-last 1_1\"  style='margin-top:0px;margin-bottom:0px;'>\n\t\t\t\t\t<div class=\"fusion-column-wrapper\" style=\"padding: 40px 0px 40px 0px;background-position:left top;background-repeat:no-repeat;-webkit-background-size:cover;-moz-background-size:cover;-o-background-size:cover;background-size:cover;\"   data-bg-url=\"\">\n\t\t\t\t\t\t<div class=\"fusion-title title fusion-sep-none fusion-title-center fusion-title-size-one\" style=\"margin-top:0px;margin-bottom:0px;\"><h1 class=\"title-heading-center\"><span style=\"color: #ffffff;\">DIMENSIUNI<\/span><\/h1><\/div><div class=\"fusion-clearfix\"><\/div>\n\n\t\t\t\t\t<\/div>\n\t\t\t\t<\/div><\/div><\/div><div class=\"fusion-fullwidth fullwidth-box nonhundred-percent-fullwidth non-hundred-percent-height-scrolling\"  style='background-color: rgba(255,255,255,0);background-position: center center;background-repeat: no-repeat;padding-top:0px;padding-right:0px;padding-bottom:0px;padding-left:0px;'><div class=\"fusion-builder-row fusion-row \"><div  class=\"fusion-layout-column fusion_builder_column fusion_builder_column_1_1  fusion-one-full fusion-column-first fusion-column-last 1_1\"  style='margin-top:0px;margin-bottom:20px;'>\n\t\t\t\t\t<div class=\"fusion-column-wrapper\" style=\"padding: 0px 0px 0px 0px;background-position:left top;background-repeat:no-repeat;-webkit-background-size:cover;-moz-background-size:cover;-o-background-size:cover;background-size:cover;\"   data-bg-url=\"\">\n\t\t\t\t\t\t<div class=\"fusion-text\"><h5>Carat R-Color<br \/>\n3050 x 1230mm | 8mm<br \/>\n2510 x 1230mm | 8mm<\/h5>\n<h5>Utiliza\u021bi dimensiunile ale panourilor finite, dup\u0103 ce cele patru margini ale panoului au fost decupate.<\/h5>\n<\/div><div class=\"fusion-clearfix\"><\/div>\n\n\t\t\t\t\t<\/div>\n\t\t\t\t<\/div><\/div><\/div><div class=\"fusion-fullwidth fullwidth-box hundred-percent-fullwidth non-hundred-percent-height-scrolling\"  style='background-color: #464451;background-position: center center;background-repeat: no-repeat;padding-top:0px;padding-right:0px;padding-bottom:0px;padding-left:0px;'><div class=\"fusion-builder-row fusion-row \"><div  class=\"fusion-layout-column fusion_builder_column fusion_builder_column_1_1  fusion-one-full fusion-column-first fusion-column-last 1_1\"  style='margin-top:0px;margin-bottom:0px;'>\n\t\t\t\t\t<div class=\"fusion-column-wrapper\" style=\"padding: 40px 0px 40px 0px;background-position:left top;background-repeat:no-repeat;-webkit-background-size:cover;-moz-background-size:cover;-o-background-size:cover;background-size:cover;\"   data-bg-url=\"\">\n\t\t\t\t\t\t<div class=\"fusion-title title fusion-sep-none fusion-title-center fusion-title-size-one\" style=\"margin-top:0px;margin-bottom:0px;\"><h1 class=\"title-heading-center\"><span style=\"color: #ffffff;\">CULORI<\/span><\/h1><\/div><div class=\"fusion-clearfix\"><\/div>\n\n\t\t\t\t\t<\/div>\n\t\t\t\t<\/div><\/div><\/div><div class=\"fusion-fullwidth fullwidth-box nonhundred-percent-fullwidth non-hundred-percent-height-scrolling\"  style='background-color: rgba(255,255,255,0);background-position: center center;background-repeat: no-repeat;padding-top:0px;padding-right:0px;padding-bottom:0px;padding-left:0px;'><div class=\"fusion-builder-row fusion-row \"><div  class=\"fusion-layout-column fusion_builder_column fusion_builder_column_1_1  fusion-one-full fusion-column-first fusion-column-last 1_1\"  style='margin-top:0px;margin-bottom:20px;'>\n\t\t\t\t\t<div class=\"fusion-column-wrapper\" style=\"padding: 0px 0px 0px 0px;background-position:left top;background-repeat:no-repeat;-webkit-background-size:cover;-moz-background-size:cover;-o-background-size:cover;background-size:cover;\"   data-bg-url=\"\">\n\t\t\t\t\t\t<div class=\"fusion-title title fusion-title-center fusion-title-size-three\" style=\"margin-top:20px;margin-bottom:31px;\"><div class=\"title-sep-container title-sep-container-left\"><div class=\"title-sep sep-single sep-solid\" style=\"border-color:#e0dede;\"><\/div><\/div><h3 class=\"title-heading-center\"><span style=\"color: #333333;\">CARAT R-COLOR<\/span><\/h3><div class=\"title-sep-container title-sep-container-right\"><div class=\"title-sep sep-single sep-solid\" style=\"border-color:#e0dede;\"><\/div><\/div><\/div><div class=\"fusion-clearfix\"><\/div>\n\n\t\t\t\t\t<\/div>\n\t\t\t\t<\/div><div  class=\"fusion-layout-column fusion_builder_column fusion_builder_column_1_6  fusion-one-sixth fusion-column-first 1_6\"  style='margin-top:0px;margin-bottom:20px;width:16.66%;width:calc(16.66% - ( ( 4% + 4% + 4% + 4% + 4% ) * 0.1666 ) );margin-right: 4%;'>\n\t\t\t\t\t<div class=\"fusion-column-wrapper\" style=\"padding: 0px 0px 0px 0px;background-position:left top;background-repeat:no-repeat;-webkit-background-size:cover;-moz-background-size:cover;-o-background-size:cover;background-size:cover;\"   data-bg-url=\"\">\n\t\t\t\t\t\t<div class=\"fusion-text\"><p style=\"text-align: center;\">Azurite 7040 R<\/p>\n<\/div><div class=\"imageframe-align-center\"><span class=\"fusion-imageframe imageframe-none imageframe-4 hover-type-none\"><img loading=\"lazy\" src=\"http:\/\/vsbda.md\/wp-content\/uploads\/2018\/03\/Azurite_7040_R.jpg\" width=\"\" height=\"\" alt=\"\" title=\"Azurite_7040_R\" class=\"img-responsive wp-image-1239\" srcset=\"https:\/\/vsbda.md\/wp-content\/uploads\/2018\/03\/Azurite_7040_R-200x200.jpg 200w, https:\/\/vsbda.md\/wp-content\/uploads\/2018\/03\/Azurite_7040_R.jpg 240w\" sizes=\"(max-width: 800px) 100vw, 200px\" \/><\/span><\/div><div class=\"fusion-clearfix\"><\/div>\n\n\t\t\t\t\t<\/div>\n\t\t\t\t<\/div><div  class=\"fusion-layout-column fusion_builder_column fusion_builder_column_1_6  fusion-one-sixth 1_6\"  style='margin-top:0px;margin-bottom:20px;width:16.66%;width:calc(16.66% - ( ( 4% + 4% + 4% + 4% + 4% ) * 0.1666 ) );margin-right: 4%;'>\n\t\t\t\t\t<div class=\"fusion-column-wrapper\" style=\"padding: 0px 0px 0px 0px;background-position:left top;background-repeat:no-repeat;-webkit-background-size:cover;-moz-background-size:cover;-o-background-size:cover;background-size:cover;\"   data-bg-url=\"\">\n\t\t\t\t\t\t<div class=\"fusion-text\"><p style=\"text-align: center;\">Azurite 7041 R<\/p>\n<\/div><div class=\"imageframe-align-center\"><span class=\"fusion-imageframe imageframe-none imageframe-5 hover-type-none\"><img loading=\"lazy\" src=\"http:\/\/vsbda.md\/wp-content\/uploads\/2018\/03\/Azurite_7041_R.jpg\" width=\"\" height=\"\" alt=\"\" title=\"Azurite_7041_R\" class=\"img-responsive wp-image-1241\" srcset=\"https:\/\/vsbda.md\/wp-content\/uploads\/2018\/03\/Azurite_7041_R-200x200.jpg 200w, https:\/\/vsbda.md\/wp-content\/uploads\/2018\/03\/Azurite_7041_R.jpg 240w\" sizes=\"(max-width: 800px) 100vw, 200px\" \/><\/span><\/div><div class=\"fusion-clearfix\"><\/div>\n\n\t\t\t\t\t<\/div>\n\t\t\t\t<\/div><div  class=\"fusion-layout-column fusion_builder_column fusion_builder_column_1_6  fusion-one-sixth 1_6\"  style='margin-top:0px;margin-bottom:20px;width:16.66%;width:calc(16.66% - ( ( 4% + 4% + 4% + 4% + 4% ) * 0.1666 ) );margin-right: 4%;'>\n\t\t\t\t\t<div class=\"fusion-column-wrapper\" style=\"padding: 0px 0px 0px 0px;background-position:left top;background-repeat:no-repeat;-webkit-background-size:cover;-moz-background-size:cover;-o-background-size:cover;background-size:cover;\"   data-bg-url=\"\">\n\t\t\t\t\t\t<div class=\"fusion-text\"><p style=\"text-align: center;\">Azurite 7050 R<\/p>\n<\/div><div class=\"imageframe-align-center\"><span class=\"fusion-imageframe imageframe-none imageframe-6 hover-type-none\"><img loading=\"lazy\" src=\"http:\/\/vsbda.md\/wp-content\/uploads\/2018\/03\/Azurite_7050_R.jpg\" width=\"\" height=\"\" alt=\"\" title=\"Azurite_7050_R\" class=\"img-responsive wp-image-1243\" srcset=\"https:\/\/vsbda.md\/wp-content\/uploads\/2018\/03\/Azurite_7050_R-200x200.jpg 200w, https:\/\/vsbda.md\/wp-content\/uploads\/2018\/03\/Azurite_7050_R.jpg 240w\" sizes=\"(max-width: 800px) 100vw, 200px\" \/><\/span><\/div><div class=\"fusion-clearfix\"><\/div>\n\n\t\t\t\t\t<\/div>\n\t\t\t\t<\/div><div  class=\"fusion-layout-column fusion_builder_column fusion_builder_column_1_6  fusion-one-sixth 1_6\"  style='margin-top:0px;margin-bottom:20px;width:16.66%;width:calc(16.66% - ( ( 4% + 4% + 4% + 4% + 4% ) * 0.1666 ) );margin-right: 4%;'>\n\t\t\t\t\t<div class=\"fusion-column-wrapper\" style=\"padding: 0px 0px 0px 0px;background-position:left top;background-repeat:no-repeat;-webkit-background-size:cover;-moz-background-size:cover;-o-background-size:cover;background-size:cover;\"   data-bg-url=\"\">\n\t\t\t\t\t\t<div class=\"fusion-text\"><p style=\"text-align: center;\">Black Opal 7021 R<\/p>\n<\/div><div class=\"imageframe-align-center\"><span class=\"fusion-imageframe imageframe-none imageframe-7 hover-type-none\"><img loading=\"lazy\" src=\"http:\/\/vsbda.md\/wp-content\/uploads\/2018\/03\/Black_Opal_7021_R.jpg\" width=\"\" height=\"\" alt=\"\" title=\"Black_Opal_7021_R\" class=\"img-responsive wp-image-1245\" srcset=\"https:\/\/vsbda.md\/wp-content\/uploads\/2018\/03\/Black_Opal_7021_R-200x200.jpg 200w, https:\/\/vsbda.md\/wp-content\/uploads\/2018\/03\/Black_Opal_7021_R.jpg 240w\" sizes=\"(max-width: 800px) 100vw, 200px\" \/><\/span><\/div><div class=\"fusion-clearfix\"><\/div>\n\n\t\t\t\t\t<\/div>\n\t\t\t\t<\/div><div  class=\"fusion-layout-column fusion_builder_column fusion_builder_column_1_6  fusion-one-sixth 1_6\"  style='margin-top:0px;margin-bottom:20px;width:16.66%;width:calc(16.66% - ( ( 4% + 4% + 4% + 4% + 4% ) * 0.1666 ) );margin-right: 4%;'>\n\t\t\t\t\t<div class=\"fusion-column-wrapper\" style=\"padding: 0px 0px 0px 0px;background-position:left top;background-repeat:no-repeat;-webkit-background-size:cover;-moz-background-size:cover;-o-background-size:cover;background-size:cover;\"   data-bg-url=\"\">\n\t\t\t\t\t\t<div class=\"fusion-text\"><p style=\"text-align: center;\">Coral 7031 R<\/p>\n<\/div><div class=\"imageframe-align-center\"><span class=\"fusion-imageframe imageframe-none imageframe-8 hover-type-none\"><img loading=\"lazy\" src=\"http:\/\/vsbda.md\/wp-content\/uploads\/2018\/03\/Coral_7031_R.jpg\" width=\"\" height=\"\" alt=\"\" title=\"Coral_7031_R\" class=\"img-responsive wp-image-1247\" srcset=\"https:\/\/vsbda.md\/wp-content\/uploads\/2018\/03\/Coral_7031_R-200x200.jpg 200w, https:\/\/vsbda.md\/wp-content\/uploads\/2018\/03\/Coral_7031_R.jpg 240w\" sizes=\"(max-width: 800px) 100vw, 200px\" \/><\/span><\/div><div class=\"fusion-clearfix\"><\/div>\n\n\t\t\t\t\t<\/div>\n\t\t\t\t<\/div><div  class=\"fusion-layout-column fusion_builder_column fusion_builder_column_1_6  fusion-one-sixth fusion-column-last 1_6\"  style='margin-top:0px;margin-bottom:20px;width:16.66%;width:calc(16.66% - ( ( 4% + 4% + 4% + 4% + 4% ) * 0.1666 ) );'>\n\t\t\t\t\t<div class=\"fusion-column-wrapper\" style=\"padding: 0px 0px 0px 0px;background-position:left top;background-repeat:no-repeat;-webkit-background-size:cover;-moz-background-size:cover;-o-background-size:cover;background-size:cover;\"   data-bg-url=\"\">\n\t\t\t\t\t\t<div class=\"fusion-text\"><p style=\"text-align: center;\">Coral 7032 R<\/p>\n<\/div><div class=\"imageframe-align-center\"><span class=\"fusion-imageframe imageframe-none imageframe-9 hover-type-none\"><img loading=\"lazy\" src=\"http:\/\/vsbda.md\/wp-content\/uploads\/2018\/03\/Coral_7032_R.jpg\" width=\"\" height=\"\" alt=\"\" title=\"Coral_7032_R\" class=\"img-responsive wp-image-1249\" srcset=\"https:\/\/vsbda.md\/wp-content\/uploads\/2018\/03\/Coral_7032_R-200x200.jpg 200w, https:\/\/vsbda.md\/wp-content\/uploads\/2018\/03\/Coral_7032_R.jpg 240w\" sizes=\"(max-width: 800px) 100vw, 200px\" \/><\/span><\/div><div class=\"fusion-clearfix\"><\/div>\n\n\t\t\t\t\t<\/div>\n\t\t\t\t<\/div><div  class=\"fusion-layout-column fusion_builder_column fusion_builder_column_1_6  fusion-one-sixth fusion-column-first 1_6\"  style='margin-top:0px;margin-bottom:20px;width:16.66%;width:calc(16.66% - ( ( 4% + 4% + 4% + 4% + 4% ) * 0.1666 ) );margin-right: 4%;'>\n\t\t\t\t\t<div class=\"fusion-column-wrapper\" style=\"padding: 0px 0px 0px 0px;background-position:left top;background-repeat:no-repeat;-webkit-background-size:cover;-moz-background-size:cover;-o-background-size:cover;background-size:cover;\"   data-bg-url=\"\">\n\t\t\t\t\t\t<div class=\"fusion-text\"><p style=\"text-align: center;\">Sapphire 7060 R<\/p>\n<\/div><div class=\"imageframe-align-center\"><span class=\"fusion-imageframe imageframe-none imageframe-10 hover-type-none\"><img loading=\"lazy\" src=\"http:\/\/vsbda.md\/wp-content\/uploads\/2018\/03\/Sapphire_7060_R.jpg\" width=\"\" height=\"\" alt=\"\" title=\"Sapphire_7060_R\" class=\"img-responsive wp-image-1251\" srcset=\"https:\/\/vsbda.md\/wp-content\/uploads\/2018\/03\/Sapphire_7060_R-200x200.jpg 200w, https:\/\/vsbda.md\/wp-content\/uploads\/2018\/03\/Sapphire_7060_R.jpg 240w\" sizes=\"(max-width: 800px) 100vw, 200px\" \/><\/span><\/div><div class=\"fusion-clearfix\"><\/div>\n\n\t\t\t\t\t<\/div>\n\t\t\t\t<\/div><div  class=\"fusion-layout-column fusion_builder_column fusion_builder_column_1_6  fusion-one-sixth 1_6\"  style='margin-top:0px;margin-bottom:20px;width:16.66%;width:calc(16.66% - ( ( 4% + 4% + 4% + 4% + 4% ) * 0.1666 ) );margin-right: 4%;'>\n\t\t\t\t\t<div class=\"fusion-column-wrapper\" style=\"padding: 0px 0px 0px 0px;background-position:left top;background-repeat:no-repeat;-webkit-background-size:cover;-moz-background-size:cover;-o-background-size:cover;background-size:cover;\"   data-bg-url=\"\">\n\t\t\t\t\t\t<div class=\"fusion-text\"><p style=\"text-align: center;\">Sapphire 7061 R<\/p>\n<\/div><div class=\"imageframe-align-center\"><span class=\"fusion-imageframe imageframe-none imageframe-11 hover-type-none\"><img loading=\"lazy\" src=\"http:\/\/vsbda.md\/wp-content\/uploads\/2018\/03\/Sapphire_7061_R.jpg\" width=\"\" height=\"\" alt=\"\" title=\"Sapphire_7061_R\" class=\"img-responsive wp-image-1253\" srcset=\"https:\/\/vsbda.md\/wp-content\/uploads\/2018\/03\/Sapphire_7061_R-200x200.jpg 200w, https:\/\/vsbda.md\/wp-content\/uploads\/2018\/03\/Sapphire_7061_R.jpg 240w\" sizes=\"(max-width: 800px) 100vw, 200px\" \/><\/span><\/div><div class=\"fusion-clearfix\"><\/div>\n\n\t\t\t\t\t<\/div>\n\t\t\t\t<\/div><div  class=\"fusion-layout-column fusion_builder_column fusion_builder_column_1_6  fusion-one-sixth 1_6\"  style='margin-top:0px;margin-bottom:20px;width:16.66%;width:calc(16.66% - ( ( 4% + 4% + 4% + 4% + 4% ) * 0.1666 ) );margin-right: 4%;'>\n\t\t\t\t\t<div class=\"fusion-column-wrapper\" style=\"padding: 0px 0px 0px 0px;background-position:left top;background-repeat:no-repeat;-webkit-background-size:cover;-moz-background-size:cover;-o-background-size:cover;background-size:cover;\"   data-bg-url=\"\">\n\t\t\t\t\t\t<div class=\"fusion-text\"><p style=\"text-align: center;\">Topaz 7070 R<\/p>\n<\/div><div class=\"imageframe-align-center\"><span class=\"fusion-imageframe imageframe-none imageframe-12 hover-type-none\"><img loading=\"lazy\" src=\"http:\/\/vsbda.md\/wp-content\/uploads\/2018\/03\/Topaz_7070_R.jpg\" width=\"\" height=\"\" alt=\"\" title=\"Topaz_7070_R\" class=\"img-responsive wp-image-1255\" srcset=\"https:\/\/vsbda.md\/wp-content\/uploads\/2018\/03\/Topaz_7070_R-200x200.jpg 200w, https:\/\/vsbda.md\/wp-content\/uploads\/2018\/03\/Topaz_7070_R.jpg 240w\" sizes=\"(max-width: 800px) 100vw, 200px\" \/><\/span><\/div><div class=\"fusion-clearfix\"><\/div>\n\n\t\t\t\t\t<\/div>\n\t\t\t\t<\/div><div  class=\"fusion-layout-column fusion_builder_column fusion_builder_column_1_6  fusion-one-sixth 1_6\"  style='margin-top:0px;margin-bottom:20px;width:16.66%;width:calc(16.66% - ( ( 4% + 4% + 4% + 4% + 4% ) * 0.1666 ) );margin-right: 4%;'>\n\t\t\t\t\t<div class=\"fusion-column-wrapper\" style=\"padding: 0px 0px 0px 0px;background-position:left top;background-repeat:no-repeat;-webkit-background-size:cover;-moz-background-size:cover;-o-background-size:cover;background-size:cover;\"   data-bg-url=\"\">\n\t\t\t\t\t\t<div class=\"fusion-text\"><p style=\"text-align: center;\">Topaz 7071 R<\/p>\n<\/div><div class=\"imageframe-align-center\"><span class=\"fusion-imageframe imageframe-none imageframe-13 hover-type-none\"><img loading=\"lazy\" src=\"http:\/\/vsbda.md\/wp-content\/uploads\/2018\/03\/Topaz_7071_R.jpg\" width=\"\" height=\"\" alt=\"\" title=\"Topaz_7071_R\" class=\"img-responsive wp-image-1257\" srcset=\"https:\/\/vsbda.md\/wp-content\/uploads\/2018\/03\/Topaz_7071_R-200x200.jpg 200w, https:\/\/vsbda.md\/wp-content\/uploads\/2018\/03\/Topaz_7071_R.jpg 240w\" sizes=\"(max-width: 800px) 100vw, 200px\" \/><\/span><\/div><div class=\"fusion-clearfix\"><\/div>\n\n\t\t\t\t\t<\/div>\n\t\t\t\t<\/div><div  class=\"fusion-layout-column fusion_builder_column fusion_builder_column_1_6  fusion-one-sixth 1_6\"  style='margin-top:0px;margin-bottom:20px;width:16.66%;width:calc(16.66% - ( ( 4% + 4% + 4% + 4% + 4% ) * 0.1666 ) );margin-right: 4%;'>\n\t\t\t\t\t<div class=\"fusion-column-wrapper\" style=\"padding: 0px 0px 0px 0px;background-position:left top;background-repeat:no-repeat;-webkit-background-size:cover;-moz-background-size:cover;-o-background-size:cover;background-size:cover;\"   data-bg-url=\"\">\n\t\t\t\t\t\t<div class=\"fusion-clearfix\"><\/div>\n\n\t\t\t\t\t<\/div>\n\t\t\t\t<\/div><div  class=\"fusion-layout-column fusion_builder_column fusion_builder_column_1_6  fusion-one-sixth fusion-column-last 1_6\"  style='margin-top:0px;margin-bottom:20px;width:16.66%;width:calc(16.66% - ( ( 4% + 4% + 4% + 4% + 4% ) * 0.1666 ) );'>\n\t\t\t\t\t<div class=\"fusion-column-wrapper\" style=\"padding: 0px 0px 0px 0px;background-position:left top;background-repeat:no-repeat;-webkit-background-size:cover;-moz-background-size:cover;-o-background-size:cover;background-size:cover;\"   data-bg-url=\"\">\n\t\t\t\t\t\t<div class=\"fusion-clearfix\"><\/div>\n\n\t\t\t\t\t<\/div>\n\t\t\t\t<\/div><\/div><\/div><\/p>\n","protected":false},"excerpt":{"rendered":"","protected":false},"author":1,"featured_media":0,"parent":2006,"menu_order":0,"comment_status":"closed","ping_status":"closed","template":"100-width.php","meta":[],"_links":{"self":[{"href":"https:\/\/vsbda.md\/en\/wp-json\/wp\/v2\/pages\/2022"}],"collection":[{"href":"https:\/\/vsbda.md\/en\/wp-json\/wp\/v2\/pages"}],"about":[{"href":"https:\/\/vsbda.md\/en\/wp-json\/wp\/v2\/types\/page"}],"author":[{"embeddable":true,"href":"https:\/\/vsbda.md\/en\/wp-json\/wp\/v2\/users\/1"}],"replies":[{"embeddable":true,"href":"https:\/\/vsbda.md\/en\/wp-json\/wp\/v2\/comments?post=2022"}],"version-history":[{"count":0,"href":"https:\/\/vsbda.md\/en\/wp-json\/wp\/v2\/pages\/2022\/revisions"}],"up":[{"embeddable":true,"href":"https:\/\/vsbda.md\/en\/wp-json\/wp\/v2\/pages\/2006"}],"wp:attachment":[{"href":"https:\/\/vsbda.md\/en\/wp-json\/wp\/v2\/media?parent=2022"}],"curies":[{"name":"wp","href":"https:\/\/api.w.org\/{rel}","templated":true}]}}